{"id":12629,"date":"2024-10-11T12:28:32","date_gmt":"2024-10-11T12:28:32","guid":{"rendered":"https:\/\/wildlifeexperiencespain.com\/avis-juridique\/"},"modified":"2024-12-26T16:20:36","modified_gmt":"2024-12-26T16:20:36","slug":"avis-juridique","status":"publish","type":"page","link":"https:\/\/wildlifeexperiencespain.com\/fr\/avis-juridique\/","title":{"rendered":"Avis juridique"},"content":{"rendered":"[vc_row type=\u00a0\u00bbfull_width_background\u00a0\u00bb full_screen_row_position=\u00a0\u00bbmiddle\u00a0\u00bb column_margin=\u00a0\u00bbdefault\u00a0\u00bb column_direction=\u00a0\u00bbdefault\u00a0\u00bb column_direction_tablet=\u00a0\u00bbdefault\u00a0\u00bb column_direction_phone=\u00a0\u00bbdefault\u00a0\u00bb scene_position=\u00a0\u00bbcenter\u00a0\u00bb top_padding=\u00a0\u00bb60&Prime; bottom_padding=\u00a0\u00bb80&Prime; text_color=\u00a0\u00bbdark\u00a0\u00bb text_align=\u00a0\u00bbleft\u00a0\u00bb row_border_radius=\u00a0\u00bbnone\u00a0\u00bb row_border_radius_applies=\u00a0\u00bbbg\u00a0\u00bb overflow=\u00a0\u00bbvisible\u00a0\u00bb overlay_strength=\u00a0\u00bb0.3&Prime; gradient_direction=\u00a0\u00bbleft_to_right\u00a0\u00bb shape_divider_position=\u00a0\u00bbbottom\u00a0\u00bb bg_image_animation=\u00a0\u00bbnone\u00a0\u00bb gradient_type=\u00a0\u00bbdefault\u00a0\u00bb shape_type=\u00a0\u00bb\u00a0\u00bb][vc_column column_padding=\u00a0\u00bbno-extra-padding\u00a0\u00bb column_padding_tablet=\u00a0\u00bbinherit\u00a0\u00bb column_padding_phone=\u00a0\u00bbinherit\u00a0\u00bb column_padding_position=\u00a0\u00bball\u00a0\u00bb column_element_direction_desktop=\u00a0\u00bbdefault\u00a0\u00bb column_element_spacing=\u00a0\u00bbdefault\u00a0\u00bb desktop_text_alignment=\u00a0\u00bbdefault\u00a0\u00bb tablet_text_alignment=\u00a0\u00bbdefault\u00a0\u00bb phone_text_alignment=\u00a0\u00bbdefault\u00a0\u00bb background_color_opacity=\u00a0\u00bb1&Prime; background_hover_color_opacity=\u00a0\u00bb1&Prime; column_backdrop_filter=\u00a0\u00bbnone\u00a0\u00bb column_shadow=\u00a0\u00bbnone\u00a0\u00bb column_border_radius=\u00a0\u00bbnone\u00a0\u00bb column_link_target=\u00a0\u00bb_self\u00a0\u00bb column_position=\u00a0\u00bbdefault\u00a0\u00bb gradient_direction=\u00a0\u00bbleft_to_right\u00a0\u00bb overlay_strength=\u00a0\u00bb0.3&Prime; width=\u00a0\u00bb1\/1&Prime; tablet_width_inherit=\u00a0\u00bbdefault\u00a0\u00bb animation_type=\u00a0\u00bbdefault\u00a0\u00bb bg_image_animation=\u00a0\u00bbnone\u00a0\u00bb border_type=\u00a0\u00bbsimple\u00a0\u00bb column_border_width=\u00a0\u00bbnone\u00a0\u00bb column_border_style=\u00a0\u00bbsolid\u00a0\u00bb][vc_column_text css=\u00a0\u00bb\u00a0\u00bb text_direction=\u00a0\u00bbdefault\u00a0\u00bb]Afin de respecter les dispositions de la loi 34\/2002, du 11 juillet, sur les services de la soci\u00e9t\u00e9 de l&rsquo;information et du commerce \u00e9lectronique, les donn\u00e9es d&rsquo;information g\u00e9n\u00e9rale de ce site web sont indiqu\u00e9es ci-dessous :<\/p>\n<ul>\n<li><strong>Propri\u00e9taire : <\/strong><span class=\"textoazulsimple\">TSH, S.L.<\/span><\/li>\n<li><strong>Adresse : <\/strong>Jos\u00e9 B\u00e1rcena <span class=\"textoazulsimple\">,61 &#8211; 45660, Toledo<\/span><\/li>\n<li><strong>Contact :<\/strong> Telf : +34 690 773 600<\/li>\n<li><strong>Courriel :<\/strong> wildlifeexperiencespain@gmail.com<\/li>\n<li><strong>CIF :<\/strong> <span class=\"textoazulsimple\">B09776758<\/span><\/li>\n<\/ul>\n<p><strong>L\u00e9gislation<br \/>\n<\/strong>En g\u00e9n\u00e9ral, les relations entre <span class=\"textoazulsimple\">TSH, S.L.<\/span> et les utilisateurs des services pr\u00e9sents sur ce site web sont soumises \u00e0 la l\u00e9gislation et \u00e0 la juridiction espagnoles. <strong>Utilisation et acc\u00e8s des utilisateurs<br \/>\n<\/strong>L&rsquo;utilisateur est inform\u00e9 et accepte que l&rsquo;acc\u00e8s \u00e0 ce site web n&rsquo;implique en aucun cas le d\u00e9but d&rsquo;une relation commerciale avec <span class=\"textoazulsimple\">TSH, S.L.<\/span> ou l&rsquo;une de ses d\u00e9l\u00e9gations (le cas \u00e9ch\u00e9ant). <strong>Propri\u00e9t\u00e9 intel<\/strong><span class=\"textoazulsimple\">lectuelle et industrielle<\/span> <strong><br \/>\n<\/strong><span class=\"textoazulsimple\">Les droits de propri\u00e9t\u00e9 intellectuelle du contenu des pages web, sa conception graphique, ses codes et les photographies sont la propri\u00e9t\u00e9 de TSH, S.L. et, par cons\u00e9quent, la reproduction, la distribution, la communication publique, la transformation ou toute autre activit\u00e9 pouvant \u00eatre r\u00e9alis\u00e9e avec le contenu de ses pages web, m\u00eame en citant les sources, est interdite, sauf avec le consent<\/span> ement \u00e9crit<span class=\"textoazulsimple\">de TSH,<\/span> S. L. Con<span class=\"textoazulsimple\">tenu du site web et liens L.<\/span> <strong>Contenu du site et liens<br \/>\n<\/strong><span class=\"textoazulsimple\">TSH, S.L.<\/span> se r\u00e9serve le droit d&rsquo;actualiser, de modifier ou de supprimer l&rsquo;information contenue sur son site web et peut m\u00eame limiter ou refuser l&rsquo;acc\u00e8s \u00e0 cette information \u00e0 certains utilisateurs. <span class=\"textoazulsimple\">TSH, S.L.<\/span> n&rsquo;assume aucune responsabilit\u00e9 quant \u00e0 l&rsquo;information contenue dans les pages web de tiers auxquelles il est possible d&rsquo;acc\u00e9der par le biais de \u00ab\u00a0liens\u00a0\u00bb ou de liens depuis n&rsquo;importe quelle page web appartenant \u00e0 <span class=\"textoazulsimple\">TSH, S<\/span> <span class=\"textoazulsimple\">.<\/span> <span class=\"textoazulsimple\">L<\/span>. La pr\u00e9sence de \u00ab\u00a0liens\u00a0\u00bb ou de liens sur les pages web de <span class=\"textoazulsimple\">TSH, S.L.<\/span> n&rsquo;a qu&rsquo;une valeur informative et n&rsquo;implique en aucun cas une suggestion, une invitation ou une recommandation \u00e0 leur sujet.<\/p>\n<p> Par cons\u00e9quent, le pr\u00e9sent avis et la politique de confidentialit\u00e9 ne s&rsquo;appliquent qu&rsquo;au site web de <span class=\"textoazulsimple\">TSH, S.L.<\/span> et ne sont pas garantis pour les acc\u00e8s par le biais de liens avec ce site, ni pour les liens de ce site avec d&rsquo;autres sites web.[\/vc_column_text][\/vc_column][\/vc_row]\n","protected":false},"excerpt":{"rendered":"<p>[vc_row type=\u00a0\u00bbfull_width_background\u00a0\u00bb full_screen_row_position=\u00a0\u00bbmiddle\u00a0\u00bb column_margin=\u00a0\u00bbdefault\u00a0\u00bb column_direction=\u00a0\u00bbdefault\u00a0\u00bb column_direction_tablet=\u00a0\u00bbdefault\u00a0\u00bb column_direction_phone=\u00a0\u00bbdefault\u00a0\u00bb scene_position=\u00a0\u00bbcenter\u00a0\u00bb top_padding=\u00a0\u00bb60&Prime; bottom_padding=\u00a0\u00bb80&Prime; text_color=\u00a0\u00bbdark\u00a0\u00bb text_align=\u00a0\u00bbleft\u00a0\u00bb row_border_radius=\u00a0\u00bbnone\u00a0\u00bb row_border_radius_applies=\u00a0\u00bbbg\u00a0\u00bb overflow=\u00a0\u00bbvisible\u00a0\u00bb overlay_strength=\u00a0\u00bb0.3&Prime; gradient_direction=\u00a0\u00bbleft_to_right\u00a0\u00bb shape_divider_position=\u00a0\u00bbbottom\u00a0\u00bb bg_image_animation=\u00a0\u00bbnone\u00a0\u00bb gradient_type=\u00a0\u00bbdefault\u00a0\u00bb shape_type=\u00a0\u00bb\u00a0\u00bb][vc_column column_padding=\u00a0\u00bbno-extra-padding\u00a0\u00bb column_padding_tablet=\u00a0\u00bbinherit\u00a0\u00bb column_padding_phone=\u00a0\u00bbinherit\u00a0\u00bb column_padding_position=\u00a0\u00bball\u00a0\u00bb&#8230;<\/p>\n","protected":false},"author":1,"featured_media":0,"parent":0,"menu_order":0,"comment_status":"closed","ping_status":"closed","template":"","meta":{"footnotes":""},"class_list":["post-12629","page","type-page","status-publish"],"yoast_head":"<!-- This site is optimized with the Yoast SEO plugin v27.4 - https:\/\/yoast.com\/product\/yoast-seo-wordpress\/ -->\n<title>Avis juridique - Wildlife Experience in Spain. Wildlife Sighting in Spain<\/title>\n<meta name=\"description\" content=\"Informations juridiques sur l&#039;exp\u00e9rience de la vie sauvage en Espagne\" \/>\n<meta name=\"robots\" content=\"noindex, nofollow\" \/>\n<meta property=\"og:locale\" content=\"fr_FR\" \/>\n<meta property=\"og:type\" content=\"article\" \/>\n<meta property=\"og:title\" content=\"Avis juridique - Wildlife Experience in Spain. Wildlife Sighting in Spain\" \/>\n<meta property=\"og:description\" content=\"Informations juridiques sur l&#039;exp\u00e9rience de la vie sauvage en Espagne\" \/>\n<meta property=\"og:url\" content=\"https:\/\/wildlifeexperiencespain.com\/fr\/avis-juridique\/\" \/>\n<meta property=\"og:site_name\" content=\"Wildlife Experience in Spain. Wildlife Sighting in Spain\" \/>\n<meta property=\"article:modified_time\" content=\"2024-12-26T16:20:36+00:00\" \/>\n<meta name=\"twitter:card\" content=\"summary_large_image\" \/>\n<meta name=\"twitter:label1\" content=\"Dur\u00e9e de lecture estim\u00e9e\" \/>\n\t<meta name=\"twitter:data1\" content=\"3 minutes\" \/>\n<script type=\"application\/ld+json\" class=\"yoast-schema-graph\">{\"@context\":\"https:\\\/\\\/schema.org\",\"@graph\":[{\"@type\":\"WebPage\",\"@id\":\"https:\\\/\\\/wildlifeexperiencespain.com\\\/fr\\\/avis-juridique\\\/\",\"url\":\"https:\\\/\\\/wildlifeexperiencespain.com\\\/fr\\\/avis-juridique\\\/\",\"name\":\"Avis juridique - Wildlife Experience in Spain. Wildlife Sighting in Spain\",\"isPartOf\":{\"@id\":\"https:\\\/\\\/wildlifeexperiencespain.com\\\/fr\\\/#website\"},\"datePublished\":\"2024-10-11T12:28:32+00:00\",\"dateModified\":\"2024-12-26T16:20:36+00:00\",\"description\":\"Informations juridiques sur l'exp\u00e9rience de la vie sauvage en Espagne\",\"breadcrumb\":{\"@id\":\"https:\\\/\\\/wildlifeexperiencespain.com\\\/fr\\\/avis-juridique\\\/#breadcrumb\"},\"inLanguage\":\"fr-FR\",\"potentialAction\":[{\"@type\":\"ReadAction\",\"target\":[\"https:\\\/\\\/wildlifeexperiencespain.com\\\/fr\\\/avis-juridique\\\/\"]}]},{\"@type\":\"BreadcrumbList\",\"@id\":\"https:\\\/\\\/wildlifeexperiencespain.com\\\/fr\\\/avis-juridique\\\/#breadcrumb\",\"itemListElement\":[{\"@type\":\"ListItem\",\"position\":1,\"name\":\"Portada\",\"item\":\"https:\\\/\\\/wildlifeexperiencespain.com\\\/fr\\\/experience-de-la-vie-sauvage-en-espagne\\\/\"},{\"@type\":\"ListItem\",\"position\":2,\"name\":\"Avis juridique\"}]},{\"@type\":\"WebSite\",\"@id\":\"https:\\\/\\\/wildlifeexperiencespain.com\\\/fr\\\/#website\",\"url\":\"https:\\\/\\\/wildlifeexperiencespain.com\\\/fr\\\/\",\"name\":\"Wildlife Experience in Spain. Wildlife Sighting in Spain\",\"description\":\"Animals Sighting in Spain, Wildlife Watching in Spain, Gredos ibex Sighting in Spain, Specialist in Nature trips in Spain.\",\"potentialAction\":[{\"@type\":\"SearchAction\",\"target\":{\"@type\":\"EntryPoint\",\"urlTemplate\":\"https:\\\/\\\/wildlifeexperiencespain.com\\\/fr\\\/?s={search_term_string}\"},\"query-input\":{\"@type\":\"PropertyValueSpecification\",\"valueRequired\":true,\"valueName\":\"search_term_string\"}}],\"inLanguage\":\"fr-FR\"}]}<\/script>\n<!-- \/ Yoast SEO plugin. -->","yoast_head_json":{"title":"Avis juridique - Wildlife Experience in Spain. Wildlife Sighting in Spain","description":"Informations juridiques sur l'exp\u00e9rience de la vie sauvage en Espagne","robots":{"index":"noindex","follow":"nofollow"},"og_locale":"fr_FR","og_type":"article","og_title":"Avis juridique - Wildlife Experience in Spain. Wildlife Sighting in Spain","og_description":"Informations juridiques sur l'exp\u00e9rience de la vie sauvage en Espagne","og_url":"https:\/\/wildlifeexperiencespain.com\/fr\/avis-juridique\/","og_site_name":"Wildlife Experience in Spain. Wildlife Sighting in Spain","article_modified_time":"2024-12-26T16:20:36+00:00","twitter_card":"summary_large_image","twitter_misc":{"Dur\u00e9e de lecture estim\u00e9e":"3 minutes"},"schema":{"@context":"https:\/\/schema.org","@graph":[{"@type":"WebPage","@id":"https:\/\/wildlifeexperiencespain.com\/fr\/avis-juridique\/","url":"https:\/\/wildlifeexperiencespain.com\/fr\/avis-juridique\/","name":"Avis juridique - Wildlife Experience in Spain. Wildlife Sighting in Spain","isPartOf":{"@id":"https:\/\/wildlifeexperiencespain.com\/fr\/#website"},"datePublished":"2024-10-11T12:28:32+00:00","dateModified":"2024-12-26T16:20:36+00:00","description":"Informations juridiques sur l'exp\u00e9rience de la vie sauvage en Espagne","breadcrumb":{"@id":"https:\/\/wildlifeexperiencespain.com\/fr\/avis-juridique\/#breadcrumb"},"inLanguage":"fr-FR","potentialAction":[{"@type":"ReadAction","target":["https:\/\/wildlifeexperiencespain.com\/fr\/avis-juridique\/"]}]},{"@type":"BreadcrumbList","@id":"https:\/\/wildlifeexperiencespain.com\/fr\/avis-juridique\/#breadcrumb","itemListElement":[{"@type":"ListItem","position":1,"name":"Portada","item":"https:\/\/wildlifeexperiencespain.com\/fr\/experience-de-la-vie-sauvage-en-espagne\/"},{"@type":"ListItem","position":2,"name":"Avis juridique"}]},{"@type":"WebSite","@id":"https:\/\/wildlifeexperiencespain.com\/fr\/#website","url":"https:\/\/wildlifeexperiencespain.com\/fr\/","name":"Wildlife Experience in Spain. Wildlife Sighting in Spain","description":"Animals Sighting in Spain, Wildlife Watching in Spain, Gredos ibex Sighting in Spain, Specialist in Nature trips in Spain.","potentialAction":[{"@type":"SearchAction","target":{"@type":"EntryPoint","urlTemplate":"https:\/\/wildlifeexperiencespain.com\/fr\/?s={search_term_string}"},"query-input":{"@type":"PropertyValueSpecification","valueRequired":true,"valueName":"search_term_string"}}],"inLanguage":"fr-FR"}]}},"_links":{"self":[{"href":"https:\/\/wildlifeexperiencespain.com\/fr\/wp-json\/wp\/v2\/pages\/12629","targetHints":{"allow":["GET"]}}],"collection":[{"href":"https:\/\/wildlifeexperiencespain.com\/fr\/wp-json\/wp\/v2\/pages"}],"about":[{"href":"https:\/\/wildlifeexperiencespain.com\/fr\/wp-json\/wp\/v2\/types\/page"}],"author":[{"embeddable":true,"href":"https:\/\/wildlifeexperiencespain.com\/fr\/wp-json\/wp\/v2\/users\/1"}],"replies":[{"embeddable":true,"href":"https:\/\/wildlifeexperiencespain.com\/fr\/wp-json\/wp\/v2\/comments?post=12629"}],"version-history":[{"count":1,"href":"https:\/\/wildlifeexperiencespain.com\/fr\/wp-json\/wp\/v2\/pages\/12629\/revisions"}],"predecessor-version":[{"id":12635,"href":"https:\/\/wildlifeexperiencespain.com\/fr\/wp-json\/wp\/v2\/pages\/12629\/revisions\/12635"}],"wp:attachment":[{"href":"https:\/\/wildlifeexperiencespain.com\/fr\/wp-json\/wp\/v2\/media?parent=12629"}],"curies":[{"name":"wp","href":"https:\/\/api.w.org\/{rel}","templated":true}]}}