{"id":12581,"date":"2024-11-14T10:45:50","date_gmt":"2024-11-14T10:45:50","guid":{"rendered":"https:\/\/wildlifeexperiencespain.com\/faune-et-flore-a-cazorla-sierra-nevada-et-andujar\/"},"modified":"2024-12-26T16:20:30","modified_gmt":"2024-12-26T16:20:30","slug":"faune-et-flore-a-cazorla-sierra-nevada-et-andujar","status":"publish","type":"page","link":"https:\/\/wildlifeexperiencespain.com\/fr\/faune-et-flore-a-cazorla-sierra-nevada-et-andujar\/","title":{"rendered":"FAUNE ET FLORE \u00c0 CAZORLA, SIERRA NEVADA ET AND\u00daJAR"},"content":{"rendered":"[vc_row type=\u00a0\u00bbfull_width_background\u00a0\u00bb full_screen_row_position=\u00a0\u00bbmiddle\u00a0\u00bb column_margin=\u00a0\u00bb30px\u00a0\u00bb column_direction=\u00a0\u00bbdefault\u00a0\u00bb column_direction_tablet=\u00a0\u00bbdefault\u00a0\u00bb column_direction_phone=\u00a0\u00bbdefault\u00a0\u00bb bg_color=\u00a0\u00bb#f2f2f2&Prime; scene_position=\u00a0\u00bbcenter\u00a0\u00bb top_padding=\u00a0\u00bb3%\u00a0\u00bb constrain_group_1=\u00a0\u00bbyes\u00a0\u00bb bottom_padding=\u00a0\u00bb3%\u00a0\u00bb top_padding_phone=\u00a0\u00bb0px\u00a0\u00bb top_margin=\u00a0\u00bb0px\u00a0\u00bb top_margin_phone=\u00a0\u00bb0px\u00a0\u00bb text_color=\u00a0\u00bbdark\u00a0\u00bb text_align=\u00a0\u00bbleft\u00a0\u00bb row_border_radius=\u00a0\u00bbnone\u00a0\u00bb row_border_radius_applies=\u00a0\u00bbbg\u00a0\u00bb overflow=\u00a0\u00bbvisible\u00a0\u00bb overlay_strength=\u00a0\u00bb0.3&Prime; gradient_direction=\u00a0\u00bbleft_to_right\u00a0\u00bb shape_divider_position=\u00a0\u00bbbottom\u00a0\u00bb bg_image_animation=\u00a0\u00bbnone\u00a0\u00bb gradient_type=\u00a0\u00bbdefault\u00a0\u00bb shape_type=\u00a0\u00bb\u00a0\u00bb][vc_column column_padding=\u00a0\u00bbpadding-3-percent\u00a0\u00bb column_padding_tablet=\u00a0\u00bbinherit\u00a0\u00bb column_padding_phone=\u00a0\u00bbpadding-2-percent\u00a0\u00bb column_padding_position=\u00a0\u00bball\u00a0\u00bb top_margin=\u00a0\u00bb0px\u00a0\u00bb top_margin_phone=\u00a0\u00bb37&Prime; column_element_direction_desktop=\u00a0\u00bbdefault\u00a0\u00bb column_element_spacing=\u00a0\u00bb0px\u00a0\u00bb desktop_text_alignment=\u00a0\u00bbdefault\u00a0\u00bb tablet_text_alignment=\u00a0\u00bbdefault\u00a0\u00bb phone_text_alignment=\u00a0\u00bbdefault\u00a0\u00bb background_color_opacity=\u00a0\u00bb1&Prime; background_hover_color_opacity=\u00a0\u00bb1&Prime; column_backdrop_filter=\u00a0\u00bbnone\u00a0\u00bb column_shadow=\u00a0\u00bbnone\u00a0\u00bb column_border_radius=\u00a0\u00bbnone\u00a0\u00bb column_link_target=\u00a0\u00bb_self\u00a0\u00bb column_position=\u00a0\u00bbdefault\u00a0\u00bb gradient_direction=\u00a0\u00bbleft_to_right\u00a0\u00bb overlay_strength=\u00a0\u00bb0.3&Prime; width=\u00a0\u00bb1\/2&Prime; tablet_width_inherit=\u00a0\u00bbdefault\u00a0\u00bb animation_type=\u00a0\u00bbdefault\u00a0\u00bb bg_image_animation=\u00a0\u00bbnone\u00a0\u00bb border_type=\u00a0\u00bbsimple\u00a0\u00bb column_border_width=\u00a0\u00bbnone\u00a0\u00bb column_border_style=\u00a0\u00bbsolid\u00a0\u00bb column_padding_type=\u00a0\u00bbdefault\u00a0\u00bb gradient_type=\u00a0\u00bbdefault\u00a0\u00bb][vc_column_text css=\u00a0\u00bb.vc_custom_1731877350463{margin-top: 0px !important;padding-top: 0px !important;}\u00a0\u00bb text_direction=\u00a0\u00bbdefault\u00a0\u00bb]<strong><span style=\"color: #96931e;\">LE PARC NATUREL DE CAZORLA, SEGURA ET LAS VILLAS<\/span><\/strong>Le parc naturel de Cazorla, Segura et Las Villas, situ\u00e9 dans la province de Ja\u00e9n, est la plus grande zone prot\u00e9g\u00e9e d&rsquo;Espagne et la deuxi\u00e8me d&rsquo;Europe, avec une superficie de plus de 200 000 hectares. Ce parc offre une grande diversit\u00e9 de paysages et de faune. La faune est vari\u00e9e et abondante, avec des esp\u00e8ces telles que le cerf, le sanglier, la ch\u00e8vre de montagne et le mouflon. Le parc abrite \u00e9galement des oiseaux de proie comme l&rsquo;aigle royal, les vautours et le gypa\u00e8te barbu. Non loin de l\u00e0, \u00e0 And\u00fajar, vous trouverez les meilleurs territoires pour observer l&#8217;embl\u00e9matique lynx ib\u00e9rique. En outre, contrairement \u00e0 d&rsquo;autres endroits, Cazorla, Sierra Nevada et And\u00fajar sont nich\u00e9s en Andalousie, la dynamique r\u00e9gion m\u00e9ridionale de l&rsquo;Espagne. Ce cadre unique offre non seulement des exp\u00e9riences incroyables en mati\u00e8re de faune et de flore, mais aussi la possibilit\u00e9 de s&rsquo;immerger dans l&rsquo;une des cultures les plus embl\u00e9matiques de l&rsquo;Espagne et de savourer ses d\u00e9lices culinaires particuliers.[\/vc_column_text][nectar_btn size=\u00a0\u00bblarge\u00a0\u00bb button_style=\u00a0\u00bbregular\u00a0\u00bb button_color_2=\u00a0\u00bbAccent-Color\u00a0\u00bb icon_family=\u00a0\u00bbdefault_arrow\u00a0\u00bb url=\u00a0\u00bbhttps:\/\/wildlifeexperiencespain.com\/fr\/lieux-dobservation-de-la-faune-et-de-la-flore\/\u00a0\u00bb text=\u00a0\u00bbVoir d&#039;autres sites\u00a0\u00bb margin_top=\u00a0\u00bb27&Prime;][divider line_type=\u00a0\u00bbNo Line\u00a0\u00bb custom_height=\u00a0\u00bb0&Prime; custom_height_phone=\u00a0\u00bb27&Prime;][\/vc_column][vc_column column_padding=\u00a0\u00bbno-extra-padding\u00a0\u00bb column_padding_tablet=\u00a0\u00bbinherit\u00a0\u00bb column_padding_phone=\u00a0\u00bbpadding-3-percent\u00a0\u00bb column_padding_position=\u00a0\u00bbbottom\u00a0\u00bb column_element_direction_desktop=\u00a0\u00bbdefault\u00a0\u00bb column_element_spacing=\u00a0\u00bbdefault\u00a0\u00bb desktop_text_alignment=\u00a0\u00bbdefault\u00a0\u00bb tablet_text_alignment=\u00a0\u00bbdefault\u00a0\u00bb phone_text_alignment=\u00a0\u00bbdefault\u00a0\u00bb background_color_opacity=\u00a0\u00bb1&Prime; background_hover_color_opacity=\u00a0\u00bb1&Prime; column_backdrop_filter=\u00a0\u00bbnone\u00a0\u00bb column_shadow=\u00a0\u00bbnone\u00a0\u00bb column_border_radius=\u00a0\u00bbnone\u00a0\u00bb column_link_target=\u00a0\u00bb_self\u00a0\u00bb column_position=\u00a0\u00bbdefault\u00a0\u00bb gradient_direction=\u00a0\u00bbleft_to_right\u00a0\u00bb overlay_strength=\u00a0\u00bb0.3&Prime; width=\u00a0\u00bb1\/2&Prime; tablet_width_inherit=\u00a0\u00bbdefault\u00a0\u00bb animation_type=\u00a0\u00bbdefault\u00a0\u00bb bg_image_animation=\u00a0\u00bbnone\u00a0\u00bb border_type=\u00a0\u00bbsimple\u00a0\u00bb column_border_width=\u00a0\u00bbnone\u00a0\u00bb column_border_style=\u00a0\u00bbsolid\u00a0\u00bb column_padding_type=\u00a0\u00bbdefault\u00a0\u00bb gradient_type=\u00a0\u00bbdefault\u00a0\u00bb][vc_gallery css=\u00a0\u00bb\u00a0\u00bb type=\u00a0\u00bbimage_grid\u00a0\u00bb images=\u00a0\u00bb11600,11665&Prime; image_grid_loading=\u00a0\u00bbdefault\u00a0\u00bb layout=\u00a0\u00bb2&Prime; masonry_style=\u00a0\u00bbtrue\u00a0\u00bb bypass_image_cropping=\u00a0\u00bbtrue\u00a0\u00bb item_spacing=\u00a0\u00bb2px\u00a0\u00bb gallery_style=\u00a0\u00bb7&Prime; load_in_animation=\u00a0\u00bbnone\u00a0\u00bb][image_with_animation image_url=\u00a0\u00bb11664&Prime; image_size=\u00a0\u00bbfull\u00a0\u00bb animation_type=\u00a0\u00bbentrance\u00a0\u00bb animation=\u00a0\u00bbNone\u00a0\u00bb animation_movement_type=\u00a0\u00bbtransform_y\u00a0\u00bb hover_animation=\u00a0\u00bbnone\u00a0\u00bb alignment=\u00a0\u00bb\u00a0\u00bb img_link_large=\u00a0\u00bbyes\u00a0\u00bb border_radius=\u00a0\u00bbnone\u00a0\u00bb box_shadow=\u00a0\u00bbnone\u00a0\u00bb image_loading=\u00a0\u00bbdefault\u00a0\u00bb max_width=\u00a0\u00bb100%\u00a0\u00bb max_width_mobile=\u00a0\u00bbdefault\u00a0\u00bb][\/vc_column][\/vc_row]\n","protected":false},"excerpt":{"rendered":"<p>[vc_row type=\u00a0\u00bbfull_width_background\u00a0\u00bb full_screen_row_position=\u00a0\u00bbmiddle\u00a0\u00bb column_margin=\u00a0\u00bb30px\u00a0\u00bb column_direction=\u00a0\u00bbdefault\u00a0\u00bb column_direction_tablet=\u00a0\u00bbdefault\u00a0\u00bb column_direction_phone=\u00a0\u00bbdefault\u00a0\u00bb bg_color=\u00a0\u00bb#f2f2f2&Prime; scene_position=\u00a0\u00bbcenter\u00a0\u00bb top_padding=\u00a0\u00bb3%\u00a0\u00bb constrain_group_1=\u00a0\u00bbyes\u00a0\u00bb bottom_padding=\u00a0\u00bb3%\u00a0\u00bb top_padding_phone=\u00a0\u00bb0px\u00a0\u00bb top_margin=\u00a0\u00bb0px\u00a0\u00bb top_margin_phone=\u00a0\u00bb0px\u00a0\u00bb text_color=\u00a0\u00bbdark\u00a0\u00bb text_align=\u00a0\u00bbleft\u00a0\u00bb row_border_radius=\u00a0\u00bbnone\u00a0\u00bb row_border_radius_applies=\u00a0\u00bbbg\u00a0\u00bb overflow=\u00a0\u00bbvisible\u00a0\u00bb overlay_strength=\u00a0\u00bb0.3&Prime; gradient_direction=\u00a0\u00bbleft_to_right\u00a0\u00bb shape_divider_position=\u00a0\u00bbbottom\u00a0\u00bb bg_image_animation=\u00a0\u00bbnone\u00a0\u00bb gradient_type=\u00a0\u00bbdefault\u00a0\u00bb&#8230;<\/p>\n","protected":false},"author":1,"featured_media":11906,"parent":0,"menu_order":0,"comment_status":"closed","ping_status":"closed","template":"","meta":{"footnotes":""},"class_list":["post-12581","page","type-page","status-publish","has-post-thumbnail"],"yoast_head":"<!-- This site is optimized with the Yoast SEO plugin v27.4 - https:\/\/yoast.com\/product\/yoast-seo-wordpress\/ -->\n<title>Observation de la faune \u00e0 Cazorla, Sierra Nevada et And\u00fajar- Mouflon<\/title>\n<meta name=\"description\" content=\"Conna\u00eetre Cazorla, la Sierra Nevada et And\u00fajar, observer la faune en Espagne, o\u00f9 voir des mouflons, des cerfs, des sangliers et des ch\u00e8vres de montagne en Espagne.\" \/>\n<meta name=\"robots\" content=\"index, follow, max-snippet:-1, max-image-preview:large, max-video-preview:-1\" \/>\n<link rel=\"canonical\" href=\"https:\/\/wildlifeexperiencespain.com\/fr\/faune-et-flore-a-cazorla-sierra-nevada-et-andujar\/\" \/>\n<meta property=\"og:locale\" content=\"fr_FR\" \/>\n<meta property=\"og:type\" content=\"article\" \/>\n<meta property=\"og:title\" content=\"Observation de la faune \u00e0 Cazorla, Sierra Nevada et And\u00fajar- Mouflon\" \/>\n<meta property=\"og:description\" content=\"Conna\u00eetre Cazorla, la Sierra Nevada et And\u00fajar, observer la faune en Espagne, o\u00f9 voir des mouflons, des cerfs, des sangliers et des ch\u00e8vres de montagne en Espagne.\" \/>\n<meta property=\"og:url\" content=\"https:\/\/wildlifeexperiencespain.com\/fr\/faune-et-flore-a-cazorla-sierra-nevada-et-andujar\/\" \/>\n<meta property=\"og:site_name\" content=\"Wildlife Experience in Spain. Wildlife Sighting in Spain\" \/>\n<meta property=\"article:modified_time\" content=\"2024-12-26T16:20:30+00:00\" \/>\n<meta property=\"og:image\" content=\"https:\/\/wildlifeexperiencespain.com\/wp-content\/uploads\/2024\/10\/gredos-ibex-sighting-in-spain-5.jpg\" \/>\n\t<meta property=\"og:image:width\" content=\"770\" \/>\n\t<meta property=\"og:image:height\" content=\"1120\" \/>\n\t<meta property=\"og:image:type\" content=\"image\/jpeg\" \/>\n<meta name=\"twitter:card\" content=\"summary_large_image\" \/>\n<meta name=\"twitter:label1\" content=\"Dur\u00e9e de lecture estim\u00e9e\" \/>\n\t<meta name=\"twitter:data1\" content=\"3 minutes\" \/>\n<script type=\"application\/ld+json\" class=\"yoast-schema-graph\">{\"@context\":\"https:\\\/\\\/schema.org\",\"@graph\":[{\"@type\":\"WebPage\",\"@id\":\"https:\\\/\\\/wildlifeexperiencespain.com\\\/fr\\\/faune-et-flore-a-cazorla-sierra-nevada-et-andujar\\\/\",\"url\":\"https:\\\/\\\/wildlifeexperiencespain.com\\\/fr\\\/faune-et-flore-a-cazorla-sierra-nevada-et-andujar\\\/\",\"name\":\"Observation de la faune \u00e0 Cazorla, Sierra Nevada et And\u00fajar- Mouflon\",\"isPartOf\":{\"@id\":\"https:\\\/\\\/wildlifeexperiencespain.com\\\/fr\\\/#website\"},\"primaryImageOfPage\":{\"@id\":\"https:\\\/\\\/wildlifeexperiencespain.com\\\/fr\\\/faune-et-flore-a-cazorla-sierra-nevada-et-andujar\\\/#primaryimage\"},\"image\":{\"@id\":\"https:\\\/\\\/wildlifeexperiencespain.com\\\/fr\\\/faune-et-flore-a-cazorla-sierra-nevada-et-andujar\\\/#primaryimage\"},\"thumbnailUrl\":\"https:\\\/\\\/wildlifeexperiencespain.com\\\/wp-content\\\/uploads\\\/2024\\\/10\\\/gredos-ibex-sighting-in-spain-5.jpg\",\"datePublished\":\"2024-11-14T10:45:50+00:00\",\"dateModified\":\"2024-12-26T16:20:30+00:00\",\"description\":\"Conna\u00eetre Cazorla, la Sierra Nevada et And\u00fajar, observer la faune en Espagne, o\u00f9 voir des mouflons, des cerfs, des sangliers et des ch\u00e8vres de montagne en Espagne.\",\"breadcrumb\":{\"@id\":\"https:\\\/\\\/wildlifeexperiencespain.com\\\/fr\\\/faune-et-flore-a-cazorla-sierra-nevada-et-andujar\\\/#breadcrumb\"},\"inLanguage\":\"fr-FR\",\"potentialAction\":[{\"@type\":\"ReadAction\",\"target\":[\"https:\\\/\\\/wildlifeexperiencespain.com\\\/fr\\\/faune-et-flore-a-cazorla-sierra-nevada-et-andujar\\\/\"]}]},{\"@type\":\"ImageObject\",\"inLanguage\":\"fr-FR\",\"@id\":\"https:\\\/\\\/wildlifeexperiencespain.com\\\/fr\\\/faune-et-flore-a-cazorla-sierra-nevada-et-andujar\\\/#primaryimage\",\"url\":\"https:\\\/\\\/wildlifeexperiencespain.com\\\/wp-content\\\/uploads\\\/2024\\\/10\\\/gredos-ibex-sighting-in-spain-5.jpg\",\"contentUrl\":\"https:\\\/\\\/wildlifeexperiencespain.com\\\/wp-content\\\/uploads\\\/2024\\\/10\\\/gredos-ibex-sighting-in-spain-5.jpg\",\"width\":770,\"height\":1120},{\"@type\":\"BreadcrumbList\",\"@id\":\"https:\\\/\\\/wildlifeexperiencespain.com\\\/fr\\\/faune-et-flore-a-cazorla-sierra-nevada-et-andujar\\\/#breadcrumb\",\"itemListElement\":[{\"@type\":\"ListItem\",\"position\":1,\"name\":\"Portada\",\"item\":\"https:\\\/\\\/wildlifeexperiencespain.com\\\/fr\\\/experience-de-la-vie-sauvage-en-espagne\\\/\"},{\"@type\":\"ListItem\",\"position\":2,\"name\":\"FAUNE ET FLORE \u00c0 CAZORLA, SIERRA NEVADA ET AND\u00daJAR\"}]},{\"@type\":\"WebSite\",\"@id\":\"https:\\\/\\\/wildlifeexperiencespain.com\\\/fr\\\/#website\",\"url\":\"https:\\\/\\\/wildlifeexperiencespain.com\\\/fr\\\/\",\"name\":\"Wildlife Experience in Spain. Wildlife Sighting in Spain\",\"description\":\"Animals Sighting in Spain, Wildlife Watching in Spain, Gredos ibex Sighting in Spain, Specialist in Nature trips in Spain.\",\"potentialAction\":[{\"@type\":\"SearchAction\",\"target\":{\"@type\":\"EntryPoint\",\"urlTemplate\":\"https:\\\/\\\/wildlifeexperiencespain.com\\\/fr\\\/?s={search_term_string}\"},\"query-input\":{\"@type\":\"PropertyValueSpecification\",\"valueRequired\":true,\"valueName\":\"search_term_string\"}}],\"inLanguage\":\"fr-FR\"}]}<\/script>\n<!-- \/ Yoast SEO plugin. -->","yoast_head_json":{"title":"Observation de la faune \u00e0 Cazorla, Sierra Nevada et And\u00fajar- Mouflon","description":"Conna\u00eetre Cazorla, la Sierra Nevada et And\u00fajar, observer la faune en Espagne, o\u00f9 voir des mouflons, des cerfs, des sangliers et des ch\u00e8vres de montagne en Espagne.","robots":{"index":"index","follow":"follow","max-snippet":"max-snippet:-1","max-image-preview":"max-image-preview:large","max-video-preview":"max-video-preview:-1"},"canonical":"https:\/\/wildlifeexperiencespain.com\/fr\/faune-et-flore-a-cazorla-sierra-nevada-et-andujar\/","og_locale":"fr_FR","og_type":"article","og_title":"Observation de la faune \u00e0 Cazorla, Sierra Nevada et And\u00fajar- Mouflon","og_description":"Conna\u00eetre Cazorla, la Sierra Nevada et And\u00fajar, observer la faune en Espagne, o\u00f9 voir des mouflons, des cerfs, des sangliers et des ch\u00e8vres de montagne en Espagne.","og_url":"https:\/\/wildlifeexperiencespain.com\/fr\/faune-et-flore-a-cazorla-sierra-nevada-et-andujar\/","og_site_name":"Wildlife Experience in Spain. Wildlife Sighting in Spain","article_modified_time":"2024-12-26T16:20:30+00:00","og_image":[{"width":770,"height":1120,"url":"https:\/\/wildlifeexperiencespain.com\/wp-content\/uploads\/2024\/10\/gredos-ibex-sighting-in-spain-5.jpg","type":"image\/jpeg"}],"twitter_card":"summary_large_image","twitter_misc":{"Dur\u00e9e de lecture estim\u00e9e":"3 minutes"},"schema":{"@context":"https:\/\/schema.org","@graph":[{"@type":"WebPage","@id":"https:\/\/wildlifeexperiencespain.com\/fr\/faune-et-flore-a-cazorla-sierra-nevada-et-andujar\/","url":"https:\/\/wildlifeexperiencespain.com\/fr\/faune-et-flore-a-cazorla-sierra-nevada-et-andujar\/","name":"Observation de la faune \u00e0 Cazorla, Sierra Nevada et And\u00fajar- Mouflon","isPartOf":{"@id":"https:\/\/wildlifeexperiencespain.com\/fr\/#website"},"primaryImageOfPage":{"@id":"https:\/\/wildlifeexperiencespain.com\/fr\/faune-et-flore-a-cazorla-sierra-nevada-et-andujar\/#primaryimage"},"image":{"@id":"https:\/\/wildlifeexperiencespain.com\/fr\/faune-et-flore-a-cazorla-sierra-nevada-et-andujar\/#primaryimage"},"thumbnailUrl":"https:\/\/wildlifeexperiencespain.com\/wp-content\/uploads\/2024\/10\/gredos-ibex-sighting-in-spain-5.jpg","datePublished":"2024-11-14T10:45:50+00:00","dateModified":"2024-12-26T16:20:30+00:00","description":"Conna\u00eetre Cazorla, la Sierra Nevada et And\u00fajar, observer la faune en Espagne, o\u00f9 voir des mouflons, des cerfs, des sangliers et des ch\u00e8vres de montagne en Espagne.","breadcrumb":{"@id":"https:\/\/wildlifeexperiencespain.com\/fr\/faune-et-flore-a-cazorla-sierra-nevada-et-andujar\/#breadcrumb"},"inLanguage":"fr-FR","potentialAction":[{"@type":"ReadAction","target":["https:\/\/wildlifeexperiencespain.com\/fr\/faune-et-flore-a-cazorla-sierra-nevada-et-andujar\/"]}]},{"@type":"ImageObject","inLanguage":"fr-FR","@id":"https:\/\/wildlifeexperiencespain.com\/fr\/faune-et-flore-a-cazorla-sierra-nevada-et-andujar\/#primaryimage","url":"https:\/\/wildlifeexperiencespain.com\/wp-content\/uploads\/2024\/10\/gredos-ibex-sighting-in-spain-5.jpg","contentUrl":"https:\/\/wildlifeexperiencespain.com\/wp-content\/uploads\/2024\/10\/gredos-ibex-sighting-in-spain-5.jpg","width":770,"height":1120},{"@type":"BreadcrumbList","@id":"https:\/\/wildlifeexperiencespain.com\/fr\/faune-et-flore-a-cazorla-sierra-nevada-et-andujar\/#breadcrumb","itemListElement":[{"@type":"ListItem","position":1,"name":"Portada","item":"https:\/\/wildlifeexperiencespain.com\/fr\/experience-de-la-vie-sauvage-en-espagne\/"},{"@type":"ListItem","position":2,"name":"FAUNE ET FLORE \u00c0 CAZORLA, SIERRA NEVADA ET AND\u00daJAR"}]},{"@type":"WebSite","@id":"https:\/\/wildlifeexperiencespain.com\/fr\/#website","url":"https:\/\/wildlifeexperiencespain.com\/fr\/","name":"Wildlife Experience in Spain. Wildlife Sighting in Spain","description":"Animals Sighting in Spain, Wildlife Watching in Spain, Gredos ibex Sighting in Spain, Specialist in Nature trips in Spain.","potentialAction":[{"@type":"SearchAction","target":{"@type":"EntryPoint","urlTemplate":"https:\/\/wildlifeexperiencespain.com\/fr\/?s={search_term_string}"},"query-input":{"@type":"PropertyValueSpecification","valueRequired":true,"valueName":"search_term_string"}}],"inLanguage":"fr-FR"}]}},"_links":{"self":[{"href":"https:\/\/wildlifeexperiencespain.com\/fr\/wp-json\/wp\/v2\/pages\/12581","targetHints":{"allow":["GET"]}}],"collection":[{"href":"https:\/\/wildlifeexperiencespain.com\/fr\/wp-json\/wp\/v2\/pages"}],"about":[{"href":"https:\/\/wildlifeexperiencespain.com\/fr\/wp-json\/wp\/v2\/types\/page"}],"author":[{"embeddable":true,"href":"https:\/\/wildlifeexperiencespain.com\/fr\/wp-json\/wp\/v2\/users\/1"}],"replies":[{"embeddable":true,"href":"https:\/\/wildlifeexperiencespain.com\/fr\/wp-json\/wp\/v2\/comments?post=12581"}],"version-history":[{"count":2,"href":"https:\/\/wildlifeexperiencespain.com\/fr\/wp-json\/wp\/v2\/pages\/12581\/revisions"}],"predecessor-version":[{"id":12593,"href":"https:\/\/wildlifeexperiencespain.com\/fr\/wp-json\/wp\/v2\/pages\/12581\/revisions\/12593"}],"wp:featuredmedia":[{"embeddable":true,"href":"https:\/\/wildlifeexperiencespain.com\/fr\/wp-json\/wp\/v2\/media\/11906"}],"wp:attachment":[{"href":"https:\/\/wildlifeexperiencespain.com\/fr\/wp-json\/wp\/v2\/media?parent=12581"}],"curies":[{"name":"wp","href":"https:\/\/api.w.org\/{rel}","templated":true}]}}