{"id":12558,"date":"2024-11-18T12:11:19","date_gmt":"2024-11-18T12:11:19","guid":{"rendered":"https:\/\/wildlifeexperiencespain.com\/experiences-observation-de-la-faune-et-de-la-flore-en-espagne\/"},"modified":"2024-12-26T16:20:30","modified_gmt":"2024-12-26T16:20:30","slug":"experiences-observation-de-la-faune-et-de-la-flore-en-espagne","status":"publish","type":"page","link":"https:\/\/wildlifeexperiencespain.com\/fr\/experiences-observation-de-la-faune-et-de-la-flore-en-espagne\/","title":{"rendered":"EXP\u00c9RIENCES Observation de la faune et de la flore en Espagne"},"content":{"rendered":"[vc_row type=\u00a0\u00bbfull_width_background\u00a0\u00bb full_screen_row_position=\u00a0\u00bbmiddle\u00a0\u00bb column_margin=\u00a0\u00bbcustom\u00a0\u00bb column_direction=\u00a0\u00bbdefault\u00a0\u00bb column_direction_tablet=\u00a0\u00bbdefault\u00a0\u00bb column_direction_phone=\u00a0\u00bbdefault\u00a0\u00bb bg_color=\u00a0\u00bb#3c3c3b\u00a0\u00bb scene_position=\u00a0\u00bbcenter\u00a0\u00bb top_padding=\u00a0\u00bb5%\u00a0\u00bb constrain_group_1=\u00a0\u00bbyes\u00a0\u00bb bottom_padding=\u00a0\u00bb5%\u00a0\u00bb top_padding_tablet=\u00a0\u00bb15&Prime; top_margin_phone=\u00a0\u00bb0&Prime; text_color=\u00a0\u00bbdark\u00a0\u00bb text_align=\u00a0\u00bbleft\u00a0\u00bb row_border_radius=\u00a0\u00bbnone\u00a0\u00bb row_border_radius_applies=\u00a0\u00bbbg\u00a0\u00bb overflow=\u00a0\u00bbvisible\u00a0\u00bb advanced_gradient_angle=\u00a0\u00bb0&Prime; overlay_strength=\u00a0\u00bb0.3&Prime; gradient_direction=\u00a0\u00bbleft_to_right\u00a0\u00bb shape_divider_position=\u00a0\u00bbbottom\u00a0\u00bb bg_image_animation=\u00a0\u00bbnone\u00a0\u00bb gradient_type=\u00a0\u00bbdefault\u00a0\u00bb shape_type=\u00a0\u00bb\u00a0\u00bb][vc_column top_margin=\u00a0\u00bb97&Prime; top_margin_phone=\u00a0\u00bb21&Prime; column_element_direction_desktop=\u00a0\u00bbdefault\u00a0\u00bb column_element_spacing=\u00a0\u00bb0px\u00a0\u00bb desktop_text_alignment=\u00a0\u00bbdefault\u00a0\u00bb tablet_text_alignment=\u00a0\u00bbdefault\u00a0\u00bb phone_text_alignment=\u00a0\u00bbdefault\u00a0\u00bb background_color_opacity=\u00a0\u00bb1&Prime; background_hover_color_opacity=\u00a0\u00bb1&Prime; column_backdrop_filter=\u00a0\u00bbnone\u00a0\u00bb column_shadow=\u00a0\u00bbnone\u00a0\u00bb column_border_radius=\u00a0\u00bbnone\u00a0\u00bb column_link_target=\u00a0\u00bb_self\u00a0\u00bb column_position=\u00a0\u00bbdefault\u00a0\u00bb advanced_gradient_angle=\u00a0\u00bb0&Prime; gradient_direction=\u00a0\u00bbleft_to_right\u00a0\u00bb overlay_strength=\u00a0\u00bb0.3&Prime; width=\u00a0\u00bb1\/1&Prime; tablet_width_inherit=\u00a0\u00bbdefault\u00a0\u00bb animation_type=\u00a0\u00bbdefault\u00a0\u00bb bg_image_animation=\u00a0\u00bbnone\u00a0\u00bb border_type=\u00a0\u00bbsimple\u00a0\u00bb column_border_width=\u00a0\u00bbnone\u00a0\u00bb column_border_style=\u00a0\u00bbsolid\u00a0\u00bb gradient_type=\u00a0\u00bbdefault\u00a0\u00bb column_padding_type=\u00a0\u00bbadvanced\u00a0\u00bb][nectar_post_grid post_type=\u00a0\u00bbpost\u00a0\u00bb blog_category=\u00a0\u00bball\u00a0\u00bb blog_starting_category=\u00a0\u00bball\u00a0\u00bb order=\u00a0\u00bbDESC\u00a0\u00bb orderby=\u00a0\u00bbdate\u00a0\u00bb pagination=\u00a0\u00bbnone\u00a0\u00bb columns=\u00a0\u00bb4&Prime; columns_tablet=\u00a0\u00bbdefault\u00a0\u00bb columns_phone=\u00a0\u00bbdefault\u00a0\u00bb grid_item_spacing=\u00a0\u00bb15px\u00a0\u00bb grid_item_height=\u00a0\u00bb30vh\u00a0\u00bb enable_masonry=\u00a0\u00bbyes\u00a0\u00bb image_size=\u00a0\u00bblarge\u00a0\u00bb aspect_ratio_image_size=\u00a0\u00bbyes\u00a0\u00bb custom_image_aspect_ratio=\u00a0\u00bb4-3&Prime; image_loading=\u00a0\u00bbskip-lazy-load\u00a0\u00bb animation=\u00a0\u00bbzoom-out-reveal\u00a0\u00bb animation_stagger=\u00a0\u00bb1&Prime; animation_easing=\u00a0\u00bbeaseInOutCubic\u00a0\u00bb parallax_scrolling=\u00a0\u00bbyes\u00a0\u00bb heading_tag=\u00a0\u00bbh4&Prime; font_size_min=\u00a0\u00bb16px\u00a0\u00bb font_size_max=\u00a0\u00bb23px\u00a0\u00bb display_categories=\u00a0\u00bbyes\u00a0\u00bb category_functionality=\u00a0\u00bbdefault\u00a0\u00bb category_position=\u00a0\u00bbdefault\u00a0\u00bb category_style=\u00a0\u00bbbutton\u00a0\u00bb category_display=\u00a0\u00bbparent_only\u00a0\u00bb additional_meta_display=\u00a0\u00bblarge_items_only\u00a0\u00bb display_date=\u00a0\u00bbyes\u00a0\u00bb additional_meta_size=\u00a0\u00bbsmall\u00a0\u00bb custom_fields_location=\u00a0\u00bbbefore_post_meta\u00a0\u00bb grid_style=\u00a0\u00bbcontent_under_image\u00a0\u00bb content_under_image_text_align=\u00a0\u00bbleft\u00a0\u00bb text_color=\u00a0\u00bblight\u00a0\u00bb hover_effect=\u00a0\u00bbzoom\u00a0\u00bb border_radius=\u00a0\u00bb10px\u00a0\u00bb custom_font_size=\u00a0\u00bb20&Prime; posts_per_page=\u00a0\u00bb5&Prime; display_type=\u00a0\u00bbgrid\u00a0\u00bb font_line_height=\u00a0\u00bb1.4&Prime;][\/vc_column][\/vc_row]\n","protected":false},"excerpt":{"rendered":"<p>[vc_row type=\u00a0\u00bbfull_width_background\u00a0\u00bb full_screen_row_position=\u00a0\u00bbmiddle\u00a0\u00bb column_margin=\u00a0\u00bbcustom\u00a0\u00bb column_direction=\u00a0\u00bbdefault\u00a0\u00bb column_direction_tablet=\u00a0\u00bbdefault\u00a0\u00bb column_direction_phone=\u00a0\u00bbdefault\u00a0\u00bb bg_color=\u00a0\u00bb#3c3c3b\u00a0\u00bb scene_position=\u00a0\u00bbcenter\u00a0\u00bb top_padding=\u00a0\u00bb5%\u00a0\u00bb constrain_group_1=\u00a0\u00bbyes\u00a0\u00bb bottom_padding=\u00a0\u00bb5%\u00a0\u00bb top_padding_tablet=\u00a0\u00bb15&Prime; top_margin_phone=\u00a0\u00bb0&Prime; text_color=\u00a0\u00bbdark\u00a0\u00bb text_align=\u00a0\u00bbleft\u00a0\u00bb row_border_radius=\u00a0\u00bbnone\u00a0\u00bb row_border_radius_applies=\u00a0\u00bbbg\u00a0\u00bb overflow=\u00a0\u00bbvisible\u00a0\u00bb advanced_gradient_angle=\u00a0\u00bb0&Prime; overlay_strength=\u00a0\u00bb0.3&Prime; gradient_direction=\u00a0\u00bbleft_to_right\u00a0\u00bb shape_divider_position=\u00a0\u00bbbottom\u00a0\u00bb bg_image_animation=\u00a0\u00bbnone\u00a0\u00bb gradient_type=\u00a0\u00bbdefault\u00a0\u00bb&#8230;<\/p>\n","protected":false},"author":1,"featured_media":11988,"parent":0,"menu_order":0,"comment_status":"closed","ping_status":"closed","template":"","meta":{"footnotes":""},"class_list":["post-12558","page","type-page","status-publish","has-post-thumbnail"],"yoast_head":"<!-- This site is optimized with the Yoast SEO plugin v27.4 - https:\/\/yoast.com\/product\/yoast-seo-wordpress\/ -->\n<title>Exp\u00e9riences Observation de la faune et de la flore en Espagne - Safaris photographiques en Espagne<\/title>\n<meta name=\"description\" content=\"Safaris photographiques en Espagne. Observation d&#039;animaux en Espagne, observation de la faune et de la flore en Espagne, \u00e9cotourisme et itin\u00e9raires guid\u00e9s en Espagne.\" \/>\n<meta name=\"robots\" content=\"index, follow, max-snippet:-1, max-image-preview:large, max-video-preview:-1\" \/>\n<link rel=\"canonical\" href=\"https:\/\/wildlifeexperiencespain.com\/fr\/experiences-observation-de-la-faune-et-de-la-flore-en-espagne\/\" \/>\n<meta property=\"og:locale\" content=\"fr_FR\" \/>\n<meta property=\"og:type\" content=\"article\" \/>\n<meta property=\"og:title\" content=\"Exp\u00e9riences Observation de la faune et de la flore en Espagne - Safaris photographiques en Espagne\" \/>\n<meta property=\"og:description\" content=\"Safaris photographiques en Espagne. Observation d&#039;animaux en Espagne, observation de la faune et de la flore en Espagne, \u00e9cotourisme et itin\u00e9raires guid\u00e9s en Espagne.\" \/>\n<meta property=\"og:url\" content=\"https:\/\/wildlifeexperiencespain.com\/fr\/experiences-observation-de-la-faune-et-de-la-flore-en-espagne\/\" \/>\n<meta property=\"og:site_name\" content=\"Wildlife Experience in Spain. Wildlife Sighting in Spain\" \/>\n<meta property=\"article:modified_time\" content=\"2024-12-26T16:20:30+00:00\" \/>\n<meta property=\"og:image\" content=\"https:\/\/wildlifeexperiencespain.com\/wp-content\/uploads\/2024\/10\/wildlife-viewing-spain-sites-to-see-animals-in-spain-3.jpg\" \/>\n\t<meta property=\"og:image:width\" content=\"1200\" \/>\n\t<meta property=\"og:image:height\" content=\"800\" \/>\n\t<meta property=\"og:image:type\" content=\"image\/jpeg\" \/>\n<meta name=\"twitter:card\" content=\"summary_large_image\" \/>\n<meta name=\"twitter:label1\" content=\"Dur\u00e9e de lecture estim\u00e9e\" \/>\n\t<meta name=\"twitter:data1\" content=\"2 minutes\" \/>\n<script type=\"application\/ld+json\" class=\"yoast-schema-graph\">{\"@context\":\"https:\\\/\\\/schema.org\",\"@graph\":[{\"@type\":\"WebPage\",\"@id\":\"https:\\\/\\\/wildlifeexperiencespain.com\\\/fr\\\/experiences-observation-de-la-faune-et-de-la-flore-en-espagne\\\/\",\"url\":\"https:\\\/\\\/wildlifeexperiencespain.com\\\/fr\\\/experiences-observation-de-la-faune-et-de-la-flore-en-espagne\\\/\",\"name\":\"Exp\u00e9riences Observation de la faune et de la flore en Espagne - Safaris photographiques en Espagne\",\"isPartOf\":{\"@id\":\"https:\\\/\\\/wildlifeexperiencespain.com\\\/fr\\\/#website\"},\"primaryImageOfPage\":{\"@id\":\"https:\\\/\\\/wildlifeexperiencespain.com\\\/fr\\\/experiences-observation-de-la-faune-et-de-la-flore-en-espagne\\\/#primaryimage\"},\"image\":{\"@id\":\"https:\\\/\\\/wildlifeexperiencespain.com\\\/fr\\\/experiences-observation-de-la-faune-et-de-la-flore-en-espagne\\\/#primaryimage\"},\"thumbnailUrl\":\"https:\\\/\\\/wildlifeexperiencespain.com\\\/wp-content\\\/uploads\\\/2024\\\/10\\\/wildlife-viewing-spain-sites-to-see-animals-in-spain-3.jpg\",\"datePublished\":\"2024-11-18T12:11:19+00:00\",\"dateModified\":\"2024-12-26T16:20:30+00:00\",\"description\":\"Safaris photographiques en Espagne. Observation d'animaux en Espagne, observation de la faune et de la flore en Espagne, \u00e9cotourisme et itin\u00e9raires guid\u00e9s en Espagne.\",\"breadcrumb\":{\"@id\":\"https:\\\/\\\/wildlifeexperiencespain.com\\\/fr\\\/experiences-observation-de-la-faune-et-de-la-flore-en-espagne\\\/#breadcrumb\"},\"inLanguage\":\"fr-FR\",\"potentialAction\":[{\"@type\":\"ReadAction\",\"target\":[\"https:\\\/\\\/wildlifeexperiencespain.com\\\/fr\\\/experiences-observation-de-la-faune-et-de-la-flore-en-espagne\\\/\"]}]},{\"@type\":\"ImageObject\",\"inLanguage\":\"fr-FR\",\"@id\":\"https:\\\/\\\/wildlifeexperiencespain.com\\\/fr\\\/experiences-observation-de-la-faune-et-de-la-flore-en-espagne\\\/#primaryimage\",\"url\":\"https:\\\/\\\/wildlifeexperiencespain.com\\\/wp-content\\\/uploads\\\/2024\\\/10\\\/wildlife-viewing-spain-sites-to-see-animals-in-spain-3.jpg\",\"contentUrl\":\"https:\\\/\\\/wildlifeexperiencespain.com\\\/wp-content\\\/uploads\\\/2024\\\/10\\\/wildlife-viewing-spain-sites-to-see-animals-in-spain-3.jpg\",\"width\":1200,\"height\":800},{\"@type\":\"BreadcrumbList\",\"@id\":\"https:\\\/\\\/wildlifeexperiencespain.com\\\/fr\\\/experiences-observation-de-la-faune-et-de-la-flore-en-espagne\\\/#breadcrumb\",\"itemListElement\":[{\"@type\":\"ListItem\",\"position\":1,\"name\":\"Portada\",\"item\":\"https:\\\/\\\/wildlifeexperiencespain.com\\\/fr\\\/experience-de-la-vie-sauvage-en-espagne\\\/\"},{\"@type\":\"ListItem\",\"position\":2,\"name\":\"EXP\u00c9RIENCES Observation de la faune et de la flore en Espagne\"}]},{\"@type\":\"WebSite\",\"@id\":\"https:\\\/\\\/wildlifeexperiencespain.com\\\/fr\\\/#website\",\"url\":\"https:\\\/\\\/wildlifeexperiencespain.com\\\/fr\\\/\",\"name\":\"Wildlife Experience in Spain. Wildlife Sighting in Spain\",\"description\":\"Animals Sighting in Spain, Wildlife Watching in Spain, Gredos ibex Sighting in Spain, Specialist in Nature trips in Spain.\",\"potentialAction\":[{\"@type\":\"SearchAction\",\"target\":{\"@type\":\"EntryPoint\",\"urlTemplate\":\"https:\\\/\\\/wildlifeexperiencespain.com\\\/fr\\\/?s={search_term_string}\"},\"query-input\":{\"@type\":\"PropertyValueSpecification\",\"valueRequired\":true,\"valueName\":\"search_term_string\"}}],\"inLanguage\":\"fr-FR\"}]}<\/script>\n<!-- \/ Yoast SEO plugin. -->","yoast_head_json":{"title":"Exp\u00e9riences Observation de la faune et de la flore en Espagne - Safaris photographiques en Espagne","description":"Safaris photographiques en Espagne. Observation d'animaux en Espagne, observation de la faune et de la flore en Espagne, \u00e9cotourisme et itin\u00e9raires guid\u00e9s en Espagne.","robots":{"index":"index","follow":"follow","max-snippet":"max-snippet:-1","max-image-preview":"max-image-preview:large","max-video-preview":"max-video-preview:-1"},"canonical":"https:\/\/wildlifeexperiencespain.com\/fr\/experiences-observation-de-la-faune-et-de-la-flore-en-espagne\/","og_locale":"fr_FR","og_type":"article","og_title":"Exp\u00e9riences Observation de la faune et de la flore en Espagne - Safaris photographiques en Espagne","og_description":"Safaris photographiques en Espagne. Observation d'animaux en Espagne, observation de la faune et de la flore en Espagne, \u00e9cotourisme et itin\u00e9raires guid\u00e9s en Espagne.","og_url":"https:\/\/wildlifeexperiencespain.com\/fr\/experiences-observation-de-la-faune-et-de-la-flore-en-espagne\/","og_site_name":"Wildlife Experience in Spain. Wildlife Sighting in Spain","article_modified_time":"2024-12-26T16:20:30+00:00","og_image":[{"width":1200,"height":800,"url":"https:\/\/wildlifeexperiencespain.com\/wp-content\/uploads\/2024\/10\/wildlife-viewing-spain-sites-to-see-animals-in-spain-3.jpg","type":"image\/jpeg"}],"twitter_card":"summary_large_image","twitter_misc":{"Dur\u00e9e de lecture estim\u00e9e":"2 minutes"},"schema":{"@context":"https:\/\/schema.org","@graph":[{"@type":"WebPage","@id":"https:\/\/wildlifeexperiencespain.com\/fr\/experiences-observation-de-la-faune-et-de-la-flore-en-espagne\/","url":"https:\/\/wildlifeexperiencespain.com\/fr\/experiences-observation-de-la-faune-et-de-la-flore-en-espagne\/","name":"Exp\u00e9riences Observation de la faune et de la flore en Espagne - Safaris photographiques en Espagne","isPartOf":{"@id":"https:\/\/wildlifeexperiencespain.com\/fr\/#website"},"primaryImageOfPage":{"@id":"https:\/\/wildlifeexperiencespain.com\/fr\/experiences-observation-de-la-faune-et-de-la-flore-en-espagne\/#primaryimage"},"image":{"@id":"https:\/\/wildlifeexperiencespain.com\/fr\/experiences-observation-de-la-faune-et-de-la-flore-en-espagne\/#primaryimage"},"thumbnailUrl":"https:\/\/wildlifeexperiencespain.com\/wp-content\/uploads\/2024\/10\/wildlife-viewing-spain-sites-to-see-animals-in-spain-3.jpg","datePublished":"2024-11-18T12:11:19+00:00","dateModified":"2024-12-26T16:20:30+00:00","description":"Safaris photographiques en Espagne. Observation d'animaux en Espagne, observation de la faune et de la flore en Espagne, \u00e9cotourisme et itin\u00e9raires guid\u00e9s en Espagne.","breadcrumb":{"@id":"https:\/\/wildlifeexperiencespain.com\/fr\/experiences-observation-de-la-faune-et-de-la-flore-en-espagne\/#breadcrumb"},"inLanguage":"fr-FR","potentialAction":[{"@type":"ReadAction","target":["https:\/\/wildlifeexperiencespain.com\/fr\/experiences-observation-de-la-faune-et-de-la-flore-en-espagne\/"]}]},{"@type":"ImageObject","inLanguage":"fr-FR","@id":"https:\/\/wildlifeexperiencespain.com\/fr\/experiences-observation-de-la-faune-et-de-la-flore-en-espagne\/#primaryimage","url":"https:\/\/wildlifeexperiencespain.com\/wp-content\/uploads\/2024\/10\/wildlife-viewing-spain-sites-to-see-animals-in-spain-3.jpg","contentUrl":"https:\/\/wildlifeexperiencespain.com\/wp-content\/uploads\/2024\/10\/wildlife-viewing-spain-sites-to-see-animals-in-spain-3.jpg","width":1200,"height":800},{"@type":"BreadcrumbList","@id":"https:\/\/wildlifeexperiencespain.com\/fr\/experiences-observation-de-la-faune-et-de-la-flore-en-espagne\/#breadcrumb","itemListElement":[{"@type":"ListItem","position":1,"name":"Portada","item":"https:\/\/wildlifeexperiencespain.com\/fr\/experience-de-la-vie-sauvage-en-espagne\/"},{"@type":"ListItem","position":2,"name":"EXP\u00c9RIENCES Observation de la faune et de la flore en Espagne"}]},{"@type":"WebSite","@id":"https:\/\/wildlifeexperiencespain.com\/fr\/#website","url":"https:\/\/wildlifeexperiencespain.com\/fr\/","name":"Wildlife Experience in Spain. Wildlife Sighting in Spain","description":"Animals Sighting in Spain, Wildlife Watching in Spain, Gredos ibex Sighting in Spain, Specialist in Nature trips in Spain.","potentialAction":[{"@type":"SearchAction","target":{"@type":"EntryPoint","urlTemplate":"https:\/\/wildlifeexperiencespain.com\/fr\/?s={search_term_string}"},"query-input":{"@type":"PropertyValueSpecification","valueRequired":true,"valueName":"search_term_string"}}],"inLanguage":"fr-FR"}]}},"_links":{"self":[{"href":"https:\/\/wildlifeexperiencespain.com\/fr\/wp-json\/wp\/v2\/pages\/12558","targetHints":{"allow":["GET"]}}],"collection":[{"href":"https:\/\/wildlifeexperiencespain.com\/fr\/wp-json\/wp\/v2\/pages"}],"about":[{"href":"https:\/\/wildlifeexperiencespain.com\/fr\/wp-json\/wp\/v2\/types\/page"}],"author":[{"embeddable":true,"href":"https:\/\/wildlifeexperiencespain.com\/fr\/wp-json\/wp\/v2\/users\/1"}],"replies":[{"embeddable":true,"href":"https:\/\/wildlifeexperiencespain.com\/fr\/wp-json\/wp\/v2\/comments?post=12558"}],"version-history":[{"count":10,"href":"https:\/\/wildlifeexperiencespain.com\/fr\/wp-json\/wp\/v2\/pages\/12558\/revisions"}],"predecessor-version":[{"id":12591,"href":"https:\/\/wildlifeexperiencespain.com\/fr\/wp-json\/wp\/v2\/pages\/12558\/revisions\/12591"}],"wp:featuredmedia":[{"embeddable":true,"href":"https:\/\/wildlifeexperiencespain.com\/fr\/wp-json\/wp\/v2\/media\/11988"}],"wp:attachment":[{"href":"https:\/\/wildlifeexperiencespain.com\/fr\/wp-json\/wp\/v2\/media?parent=12558"}],"curies":[{"name":"wp","href":"https:\/\/api.w.org\/{rel}","templated":true}]}}