{"id":12735,"date":"2024-11-14T10:07:42","date_gmt":"2024-11-14T10:07:42","guid":{"rendered":"https:\/\/wildlifeexperiencespain.com\/el-ciervo-mas-grande-de-espana-sierra-de-la-culebra\/"},"modified":"2024-12-26T16:21:10","modified_gmt":"2024-12-26T16:21:10","slug":"el-ciervo-mas-grande-de-espana-sierra-de-la-culebra","status":"publish","type":"page","link":"https:\/\/wildlifeexperiencespain.com\/es\/el-ciervo-mas-grande-de-espana-sierra-de-la-culebra\/","title":{"rendered":"EL CIERVO M\u00c1S GRANDE DE ESPA\u00d1A &#8211; SIERRA DE LA CULEBRA"},"content":{"rendered":"[vc_row type=\u00bbfull_width_background\u00bb full_screen_row_position=\u00bbmiddle\u00bb column_margin=\u00bb30px\u00bb column_direction=\u00bbdefault\u00bb column_direction_tablet=\u00bbdefault\u00bb column_direction_phone=\u00bbdefault\u00bb bg_color=\u00bb#f2f2f2&#8243; scene_position=\u00bbcenter\u00bb top_padding=\u00bb3%\u00bb constrain_group_1=\u00bbyes\u00bb bottom_padding=\u00bb3%\u00bb top_padding_phone=\u00bb0px\u00bb top_margin=\u00bb0px\u00bb top_margin_phone=\u00bb0px\u00bb text_color=\u00bbdark\u00bb text_align=\u00bbleft\u00bb row_border_radius=\u00bbnone\u00bb row_border_radius_applies=\u00bbbg\u00bb overflow=\u00bbvisible\u00bb overlay_strength=\u00bb0.3&#8243; gradient_direction=\u00bbleft_to_right\u00bb shape_divider_position=\u00bbbottom\u00bb bg_image_animation=\u00bbnone\u00bb gradient_type=\u00bbdefault\u00bb shape_type=\u00bb\u00bb][vc_column column_padding=\u00bbpadding-3-percent\u00bb column_padding_tablet=\u00bbinherit\u00bb column_padding_phone=\u00bbpadding-2-percent\u00bb column_padding_position=\u00bball\u00bb top_margin=\u00bb0px\u00bb top_margin_phone=\u00bb37&#8243; column_element_direction_desktop=\u00bbdefault\u00bb column_element_spacing=\u00bb0px\u00bb desktop_text_alignment=\u00bbdefault\u00bb tablet_text_alignment=\u00bbdefault\u00bb phone_text_alignment=\u00bbdefault\u00bb background_color_opacity=\u00bb1&#8243; background_hover_color_opacity=\u00bb1&#8243; column_backdrop_filter=\u00bbnone\u00bb column_shadow=\u00bbnone\u00bb column_border_radius=\u00bbnone\u00bb column_link_target=\u00bb_self\u00bb column_position=\u00bbdefault\u00bb gradient_direction=\u00bbleft_to_right\u00bb overlay_strength=\u00bb0.3&#8243; width=\u00bb1\/2&#8243; tablet_width_inherit=\u00bbdefault\u00bb animation_type=\u00bbdefault\u00bb bg_image_animation=\u00bbnone\u00bb border_type=\u00bbsimple\u00bb column_border_width=\u00bbnone\u00bb column_border_style=\u00bbsolid\u00bb column_padding_type=\u00bbdefault\u00bb gradient_type=\u00bbdefault\u00bb][vc_column_text css=\u00bb.vc_custom_1731872433453{margin-top: 0px !important;padding-top: 0px !important;}\u00bb text_direction=\u00bbdefault\u00bb]<strong><span style=\"color: #96931e;\">LA SIERRA DE LA CULEBRA<\/span><\/strong>situada en la provincia de Zamora, es una sierra que cautiva por su belleza natural y su diversidad biol\u00f3gica.<\/p>\n<p>La Sierra de la Culebra es conocida por albergar una fauna excepcional, incluido uno de los mayores refugios del Lobo Ib\u00e9rico en la Pen\u00ednsula Ib\u00e9rica, as\u00ed como la poblaci\u00f3n de Ciervo Ib\u00e9rico de mayor calidad de Espa\u00f1a. Tambi\u00e9n alberga jabal\u00edes, corzos, zorros, aves rapaces y mucho m\u00e1s.<\/p>\n<p>Visitar la Sierra de la Culebra a mediados de septiembre ofrece la oportunidad de presenciar una experiencia realmente \u00fanica: la berrea del ciervo, uno de los espect\u00e1culos m\u00e1s intensos de este tipo en toda Espa\u00f1a.[\/vc_column_text][nectar_btn size=\u00bblarge\u00bb button_style=\u00bbregular\u00bb button_color_2=\u00bbAccent-Color\u00bb icon_family=\u00bbdefault_arrow\u00bb url=\u00bbhttps:\/\/wildlifeexperiencespain.com\/es\/lugares-avistamiento-de-fauna\/\u00bb text=\u00bbVer otros lugares\u00bb margin_top=\u00bb27&#8243;][divider line_type=\u00bbNo Line\u00bb custom_height_phone=\u00bb27&#8243;][\/vc_column][vc_column column_padding=\u00bbno-extra-padding\u00bb column_padding_tablet=\u00bbinherit\u00bb column_padding_phone=\u00bbpadding-3-percent\u00bb column_padding_position=\u00bbbottom\u00bb column_element_direction_desktop=\u00bbdefault\u00bb column_element_spacing=\u00bbdefault\u00bb desktop_text_alignment=\u00bbdefault\u00bb tablet_text_alignment=\u00bbdefault\u00bb phone_text_alignment=\u00bbdefault\u00bb background_color_opacity=\u00bb1&#8243; background_hover_color_opacity=\u00bb1&#8243; column_backdrop_filter=\u00bbnone\u00bb column_shadow=\u00bbnone\u00bb column_border_radius=\u00bbnone\u00bb column_link_target=\u00bb_self\u00bb column_position=\u00bbdefault\u00bb gradient_direction=\u00bbleft_to_right\u00bb overlay_strength=\u00bb0.3&#8243; width=\u00bb1\/2&#8243; tablet_width_inherit=\u00bbdefault\u00bb animation_type=\u00bbdefault\u00bb bg_image_animation=\u00bbnone\u00bb border_type=\u00bbsimple\u00bb column_border_width=\u00bbnone\u00bb column_border_style=\u00bbsolid\u00bb column_padding_type=\u00bbdefault\u00bb gradient_type=\u00bbdefault\u00bb][image_with_animation image_url=\u00bb11570&#8243; image_size=\u00bbfull\u00bb animation_type=\u00bbentrance\u00bb animation=\u00bbNone\u00bb animation_movement_type=\u00bbtransform_y\u00bb hover_animation=\u00bbnone\u00bb alignment=\u00bbcenter\u00bb img_link_large=\u00bbyes\u00bb border_radius=\u00bbnone\u00bb box_shadow=\u00bbnone\u00bb image_loading=\u00bbdefault\u00bb max_width=\u00bb100%\u00bb max_width_mobile=\u00bbdefault\u00bb][vc_gallery css=\u00bb\u00bb type=\u00bbimage_grid\u00bb images=\u00bb11551,11584&#8243; image_grid_loading=\u00bbdefault\u00bb layout=\u00bb2&#8243; masonry_style=\u00bbtrue\u00bb bypass_image_cropping=\u00bbtrue\u00bb item_spacing=\u00bb2px\u00bb gallery_style=\u00bb7&#8243; load_in_animation=\u00bbnone\u00bb][image_with_animation image_url=\u00bb11569&#8243; image_size=\u00bbfull\u00bb animation_type=\u00bbentrance\u00bb animation=\u00bbNone\u00bb animation_movement_type=\u00bbtransform_y\u00bb hover_animation=\u00bbnone\u00bb alignment=\u00bbcenter\u00bb img_link_large=\u00bbyes\u00bb border_radius=\u00bbnone\u00bb box_shadow=\u00bbnone\u00bb image_loading=\u00bbdefault\u00bb max_width=\u00bb100%\u00bb max_width_mobile=\u00bbdefault\u00bb][\/vc_column][\/vc_row]\n","protected":false},"excerpt":{"rendered":"<p>[vc_row type=\u00bbfull_width_background\u00bb full_screen_row_position=\u00bbmiddle\u00bb column_margin=\u00bb30px\u00bb column_direction=\u00bbdefault\u00bb column_direction_tablet=\u00bbdefault\u00bb column_direction_phone=\u00bbdefault\u00bb bg_color=\u00bb#f2f2f2&#8243; scene_position=\u00bbcenter\u00bb top_padding=\u00bb3%\u00bb constrain_group_1=\u00bbyes\u00bb bottom_padding=\u00bb3%\u00bb top_padding_phone=\u00bb0px\u00bb top_margin=\u00bb0px\u00bb top_margin_phone=\u00bb0px\u00bb text_color=\u00bbdark\u00bb text_align=\u00bbleft\u00bb row_border_radius=\u00bbnone\u00bb row_border_radius_applies=\u00bbbg\u00bb overflow=\u00bbvisible\u00bb overlay_strength=\u00bb0.3&#8243; gradient_direction=\u00bbleft_to_right\u00bb shape_divider_position=\u00bbbottom\u00bb bg_image_animation=\u00bbnone\u00bb gradient_type=\u00bbdefault\u00bb&#8230;<\/p>\n","protected":false},"author":1,"featured_media":12169,"parent":0,"menu_order":0,"comment_status":"closed","ping_status":"closed","template":"","meta":{"footnotes":""},"class_list":["post-12735","page","type-page","status-publish","has-post-thumbnail"],"yoast_head":"<!-- This site is optimized with the Yoast SEO plugin v27.3 - https:\/\/yoast.com\/product\/yoast-seo-wordpress\/ -->\n<title>Avistamiento del ciervo m\u00e1s grande de Espa\u00f1a - Safaris de observaci\u00f3n de fauna salvaje Espa\u00f1a<\/title>\n<meta name=\"description\" content=\"Avistamiento del ciervo m\u00e1s grande de Espa\u00f1a - Observaci\u00f3n de fauna salvaje en la Sierra de la Culebra rutas guiadas safaris en Espa\u00f1a. Ecoturismo rural en Espa\u00f1a.\" \/>\n<meta name=\"robots\" content=\"index, follow, max-snippet:-1, max-image-preview:large, max-video-preview:-1\" \/>\n<link rel=\"canonical\" href=\"https:\/\/wildlifeexperiencespain.com\/es\/el-ciervo-mas-grande-de-espana-sierra-de-la-culebra\/\" \/>\n<meta property=\"og:locale\" content=\"es_ES\" \/>\n<meta property=\"og:type\" content=\"article\" \/>\n<meta property=\"og:title\" content=\"Avistamiento del ciervo m\u00e1s grande de Espa\u00f1a - Safaris de observaci\u00f3n de fauna salvaje Espa\u00f1a\" \/>\n<meta property=\"og:description\" content=\"Avistamiento del ciervo m\u00e1s grande de Espa\u00f1a - Observaci\u00f3n de fauna salvaje en la Sierra de la Culebra rutas guiadas safaris en Espa\u00f1a. Ecoturismo rural en Espa\u00f1a.\" \/>\n<meta property=\"og:url\" content=\"https:\/\/wildlifeexperiencespain.com\/es\/el-ciervo-mas-grande-de-espana-sierra-de-la-culebra\/\" \/>\n<meta property=\"og:site_name\" content=\"Wildlife Experience in Spain. Wildlife Sighting in Spain\" \/>\n<meta property=\"article:modified_time\" content=\"2024-12-26T16:21:10+00:00\" \/>\n<meta property=\"og:image\" content=\"https:\/\/wildlifeexperiencespain.com\/wp-content\/uploads\/2024\/11\/wildlife-sighting-in-sierra-de-la-culebra-wild-animals-watching-rural-tourism-in-spain.jpg\" \/>\n\t<meta property=\"og:image:width\" content=\"770\" \/>\n\t<meta property=\"og:image:height\" content=\"1120\" \/>\n\t<meta property=\"og:image:type\" content=\"image\/jpeg\" \/>\n<meta name=\"twitter:card\" content=\"summary_large_image\" \/>\n<meta name=\"twitter:label1\" content=\"Tiempo de lectura\" \/>\n\t<meta name=\"twitter:data1\" content=\"3 minutos\" \/>\n<script type=\"application\/ld+json\" class=\"yoast-schema-graph\">{\"@context\":\"https:\\\/\\\/schema.org\",\"@graph\":[{\"@type\":\"WebPage\",\"@id\":\"https:\\\/\\\/wildlifeexperiencespain.com\\\/es\\\/el-ciervo-mas-grande-de-espana-sierra-de-la-culebra\\\/\",\"url\":\"https:\\\/\\\/wildlifeexperiencespain.com\\\/es\\\/el-ciervo-mas-grande-de-espana-sierra-de-la-culebra\\\/\",\"name\":\"Avistamiento del ciervo m\u00e1s grande de Espa\u00f1a - Safaris de observaci\u00f3n de fauna salvaje Espa\u00f1a\",\"isPartOf\":{\"@id\":\"https:\\\/\\\/wildlifeexperiencespain.com\\\/es\\\/#website\"},\"primaryImageOfPage\":{\"@id\":\"https:\\\/\\\/wildlifeexperiencespain.com\\\/es\\\/el-ciervo-mas-grande-de-espana-sierra-de-la-culebra\\\/#primaryimage\"},\"image\":{\"@id\":\"https:\\\/\\\/wildlifeexperiencespain.com\\\/es\\\/el-ciervo-mas-grande-de-espana-sierra-de-la-culebra\\\/#primaryimage\"},\"thumbnailUrl\":\"https:\\\/\\\/wildlifeexperiencespain.com\\\/wp-content\\\/uploads\\\/2024\\\/11\\\/wildlife-sighting-in-sierra-de-la-culebra-wild-animals-watching-rural-tourism-in-spain.jpg\",\"datePublished\":\"2024-11-14T10:07:42+00:00\",\"dateModified\":\"2024-12-26T16:21:10+00:00\",\"description\":\"Avistamiento del ciervo m\u00e1s grande de Espa\u00f1a - Observaci\u00f3n de fauna salvaje en la Sierra de la Culebra rutas guiadas safaris en Espa\u00f1a. Ecoturismo rural en Espa\u00f1a.\",\"breadcrumb\":{\"@id\":\"https:\\\/\\\/wildlifeexperiencespain.com\\\/es\\\/el-ciervo-mas-grande-de-espana-sierra-de-la-culebra\\\/#breadcrumb\"},\"inLanguage\":\"es\",\"potentialAction\":[{\"@type\":\"ReadAction\",\"target\":[\"https:\\\/\\\/wildlifeexperiencespain.com\\\/es\\\/el-ciervo-mas-grande-de-espana-sierra-de-la-culebra\\\/\"]}]},{\"@type\":\"ImageObject\",\"inLanguage\":\"es\",\"@id\":\"https:\\\/\\\/wildlifeexperiencespain.com\\\/es\\\/el-ciervo-mas-grande-de-espana-sierra-de-la-culebra\\\/#primaryimage\",\"url\":\"https:\\\/\\\/wildlifeexperiencespain.com\\\/wp-content\\\/uploads\\\/2024\\\/11\\\/wildlife-sighting-in-sierra-de-la-culebra-wild-animals-watching-rural-tourism-in-spain.jpg\",\"contentUrl\":\"https:\\\/\\\/wildlifeexperiencespain.com\\\/wp-content\\\/uploads\\\/2024\\\/11\\\/wildlife-sighting-in-sierra-de-la-culebra-wild-animals-watching-rural-tourism-in-spain.jpg\",\"width\":770,\"height\":1120},{\"@type\":\"BreadcrumbList\",\"@id\":\"https:\\\/\\\/wildlifeexperiencespain.com\\\/es\\\/el-ciervo-mas-grande-de-espana-sierra-de-la-culebra\\\/#breadcrumb\",\"itemListElement\":[{\"@type\":\"ListItem\",\"position\":1,\"name\":\"Portada\",\"item\":\"https:\\\/\\\/wildlifeexperiencespain.com\\\/es\\\/experiencia-de-vida-salvaje-en-espana\\\/\"},{\"@type\":\"ListItem\",\"position\":2,\"name\":\"EL CIERVO M\u00c1S GRANDE DE ESPA\u00d1A &#8211; SIERRA DE LA CULEBRA\"}]},{\"@type\":\"WebSite\",\"@id\":\"https:\\\/\\\/wildlifeexperiencespain.com\\\/es\\\/#website\",\"url\":\"https:\\\/\\\/wildlifeexperiencespain.com\\\/es\\\/\",\"name\":\"Wildlife Experience in Spain. Wildlife Sighting in Spain\",\"description\":\"Animals Sighting in Spain, Wildlife Watching in Spain, Gredos ibex Sighting in Spain, Specialist in Nature trips in Spain.\",\"potentialAction\":[{\"@type\":\"SearchAction\",\"target\":{\"@type\":\"EntryPoint\",\"urlTemplate\":\"https:\\\/\\\/wildlifeexperiencespain.com\\\/es\\\/?s={search_term_string}\"},\"query-input\":{\"@type\":\"PropertyValueSpecification\",\"valueRequired\":true,\"valueName\":\"search_term_string\"}}],\"inLanguage\":\"es\"}]}<\/script>\n<!-- \/ Yoast SEO plugin. -->","yoast_head_json":{"title":"Avistamiento del ciervo m\u00e1s grande de Espa\u00f1a - Safaris de observaci\u00f3n de fauna salvaje Espa\u00f1a","description":"Avistamiento del ciervo m\u00e1s grande de Espa\u00f1a - Observaci\u00f3n de fauna salvaje en la Sierra de la Culebra rutas guiadas safaris en Espa\u00f1a. Ecoturismo rural en Espa\u00f1a.","robots":{"index":"index","follow":"follow","max-snippet":"max-snippet:-1","max-image-preview":"max-image-preview:large","max-video-preview":"max-video-preview:-1"},"canonical":"https:\/\/wildlifeexperiencespain.com\/es\/el-ciervo-mas-grande-de-espana-sierra-de-la-culebra\/","og_locale":"es_ES","og_type":"article","og_title":"Avistamiento del ciervo m\u00e1s grande de Espa\u00f1a - Safaris de observaci\u00f3n de fauna salvaje Espa\u00f1a","og_description":"Avistamiento del ciervo m\u00e1s grande de Espa\u00f1a - Observaci\u00f3n de fauna salvaje en la Sierra de la Culebra rutas guiadas safaris en Espa\u00f1a. Ecoturismo rural en Espa\u00f1a.","og_url":"https:\/\/wildlifeexperiencespain.com\/es\/el-ciervo-mas-grande-de-espana-sierra-de-la-culebra\/","og_site_name":"Wildlife Experience in Spain. Wildlife Sighting in Spain","article_modified_time":"2024-12-26T16:21:10+00:00","og_image":[{"width":770,"height":1120,"url":"https:\/\/wildlifeexperiencespain.com\/wp-content\/uploads\/2024\/11\/wildlife-sighting-in-sierra-de-la-culebra-wild-animals-watching-rural-tourism-in-spain.jpg","type":"image\/jpeg"}],"twitter_card":"summary_large_image","twitter_misc":{"Tiempo de lectura":"3 minutos"},"schema":{"@context":"https:\/\/schema.org","@graph":[{"@type":"WebPage","@id":"https:\/\/wildlifeexperiencespain.com\/es\/el-ciervo-mas-grande-de-espana-sierra-de-la-culebra\/","url":"https:\/\/wildlifeexperiencespain.com\/es\/el-ciervo-mas-grande-de-espana-sierra-de-la-culebra\/","name":"Avistamiento del ciervo m\u00e1s grande de Espa\u00f1a - Safaris de observaci\u00f3n de fauna salvaje Espa\u00f1a","isPartOf":{"@id":"https:\/\/wildlifeexperiencespain.com\/es\/#website"},"primaryImageOfPage":{"@id":"https:\/\/wildlifeexperiencespain.com\/es\/el-ciervo-mas-grande-de-espana-sierra-de-la-culebra\/#primaryimage"},"image":{"@id":"https:\/\/wildlifeexperiencespain.com\/es\/el-ciervo-mas-grande-de-espana-sierra-de-la-culebra\/#primaryimage"},"thumbnailUrl":"https:\/\/wildlifeexperiencespain.com\/wp-content\/uploads\/2024\/11\/wildlife-sighting-in-sierra-de-la-culebra-wild-animals-watching-rural-tourism-in-spain.jpg","datePublished":"2024-11-14T10:07:42+00:00","dateModified":"2024-12-26T16:21:10+00:00","description":"Avistamiento del ciervo m\u00e1s grande de Espa\u00f1a - Observaci\u00f3n de fauna salvaje en la Sierra de la Culebra rutas guiadas safaris en Espa\u00f1a. Ecoturismo rural en Espa\u00f1a.","breadcrumb":{"@id":"https:\/\/wildlifeexperiencespain.com\/es\/el-ciervo-mas-grande-de-espana-sierra-de-la-culebra\/#breadcrumb"},"inLanguage":"es","potentialAction":[{"@type":"ReadAction","target":["https:\/\/wildlifeexperiencespain.com\/es\/el-ciervo-mas-grande-de-espana-sierra-de-la-culebra\/"]}]},{"@type":"ImageObject","inLanguage":"es","@id":"https:\/\/wildlifeexperiencespain.com\/es\/el-ciervo-mas-grande-de-espana-sierra-de-la-culebra\/#primaryimage","url":"https:\/\/wildlifeexperiencespain.com\/wp-content\/uploads\/2024\/11\/wildlife-sighting-in-sierra-de-la-culebra-wild-animals-watching-rural-tourism-in-spain.jpg","contentUrl":"https:\/\/wildlifeexperiencespain.com\/wp-content\/uploads\/2024\/11\/wildlife-sighting-in-sierra-de-la-culebra-wild-animals-watching-rural-tourism-in-spain.jpg","width":770,"height":1120},{"@type":"BreadcrumbList","@id":"https:\/\/wildlifeexperiencespain.com\/es\/el-ciervo-mas-grande-de-espana-sierra-de-la-culebra\/#breadcrumb","itemListElement":[{"@type":"ListItem","position":1,"name":"Portada","item":"https:\/\/wildlifeexperiencespain.com\/es\/experiencia-de-vida-salvaje-en-espana\/"},{"@type":"ListItem","position":2,"name":"EL CIERVO M\u00c1S GRANDE DE ESPA\u00d1A &#8211; SIERRA DE LA CULEBRA"}]},{"@type":"WebSite","@id":"https:\/\/wildlifeexperiencespain.com\/es\/#website","url":"https:\/\/wildlifeexperiencespain.com\/es\/","name":"Wildlife Experience in Spain. Wildlife Sighting in Spain","description":"Animals Sighting in Spain, Wildlife Watching in Spain, Gredos ibex Sighting in Spain, Specialist in Nature trips in Spain.","potentialAction":[{"@type":"SearchAction","target":{"@type":"EntryPoint","urlTemplate":"https:\/\/wildlifeexperiencespain.com\/es\/?s={search_term_string}"},"query-input":{"@type":"PropertyValueSpecification","valueRequired":true,"valueName":"search_term_string"}}],"inLanguage":"es"}]}},"_links":{"self":[{"href":"https:\/\/wildlifeexperiencespain.com\/es\/wp-json\/wp\/v2\/pages\/12735","targetHints":{"allow":["GET"]}}],"collection":[{"href":"https:\/\/wildlifeexperiencespain.com\/es\/wp-json\/wp\/v2\/pages"}],"about":[{"href":"https:\/\/wildlifeexperiencespain.com\/es\/wp-json\/wp\/v2\/types\/page"}],"author":[{"embeddable":true,"href":"https:\/\/wildlifeexperiencespain.com\/es\/wp-json\/wp\/v2\/users\/1"}],"replies":[{"embeddable":true,"href":"https:\/\/wildlifeexperiencespain.com\/es\/wp-json\/wp\/v2\/comments?post=12735"}],"version-history":[{"count":1,"href":"https:\/\/wildlifeexperiencespain.com\/es\/wp-json\/wp\/v2\/pages\/12735\/revisions"}],"predecessor-version":[{"id":12740,"href":"https:\/\/wildlifeexperiencespain.com\/es\/wp-json\/wp\/v2\/pages\/12735\/revisions\/12740"}],"wp:featuredmedia":[{"embeddable":true,"href":"https:\/\/wildlifeexperiencespain.com\/es\/wp-json\/wp\/v2\/media\/12169"}],"wp:attachment":[{"href":"https:\/\/wildlifeexperiencespain.com\/es\/wp-json\/wp\/v2\/media?parent=12735"}],"curies":[{"name":"wp","href":"https:\/\/api.w.org\/{rel}","templated":true}]}}