{"id":12636,"date":"2024-10-09T15:03:16","date_gmt":"2024-10-09T15:03:16","guid":{"rendered":"https:\/\/wildlifeexperiencespain.com\/especies-avistamiento-de-fauna\/"},"modified":"2024-12-26T16:20:38","modified_gmt":"2024-12-26T16:20:38","slug":"especies-avistamiento-de-fauna","status":"publish","type":"page","link":"https:\/\/wildlifeexperiencespain.com\/es\/especies-avistamiento-de-fauna\/","title":{"rendered":"ESPECIES AVISTAMIENTO DE FAUNA"},"content":{"rendered":"[vc_row type=\u00bbfull_width_background\u00bb full_screen_row_position=\u00bbmiddle\u00bb column_margin=\u00bbdefault\u00bb column_direction=\u00bbdefault\u00bb column_direction_tablet=\u00bbdefault\u00bb column_direction_phone=\u00bbdefault\u00bb bg_color=\u00bb#ffffff\u00bb scene_position=\u00bbcenter\u00bb top_padding=\u00bb3%\u00bb bottom_padding=\u00bb1%\u00bb top_padding_phone=\u00bb47&#8243; text_color=\u00bbdark\u00bb text_align=\u00bbleft\u00bb row_border_radius=\u00bbnone\u00bb row_border_radius_applies=\u00bbbg\u00bb overflow=\u00bbvisible\u00bb overlay_strength=\u00bb0.3&#8243; gradient_direction=\u00bbleft_to_right\u00bb shape_divider_position=\u00bbbottom\u00bb bg_image_animation=\u00bbnone\u00bb gradient_type=\u00bbdefault\u00bb shape_type=\u00bb\u00bb][vc_column column_padding=\u00bbno-extra-padding\u00bb column_padding_tablet=\u00bbinherit\u00bb column_padding_phone=\u00bbinherit\u00bb column_padding_position=\u00bball\u00bb column_element_direction_desktop=\u00bbdefault\u00bb column_element_spacing=\u00bb30px\u00bb desktop_text_alignment=\u00bbdefault\u00bb tablet_text_alignment=\u00bbdefault\u00bb phone_text_alignment=\u00bbdefault\u00bb background_color_opacity=\u00bb1&#8243; background_hover_color_opacity=\u00bb1&#8243; column_backdrop_filter=\u00bbnone\u00bb column_shadow=\u00bbnone\u00bb column_border_radius=\u00bbnone\u00bb column_link_target=\u00bb_self\u00bb column_position=\u00bbdefault\u00bb gradient_direction=\u00bbleft_to_right\u00bb overlay_strength=\u00bb0.3&#8243; width=\u00bb1\/1&#8243; tablet_width_inherit=\u00bbdefault\u00bb animation_type=\u00bbdefault\u00bb bg_image_animation=\u00bbnone\u00bb border_type=\u00bbsimple\u00bb column_border_width=\u00bbnone\u00bb column_border_style=\u00bbsolid\u00bb column_padding_type=\u00bbdefault\u00bb gradient_type=\u00bbdefault\u00bb][nectar_post_grid post_type=\u00bbportfolio\u00bb portfolio_category=\u00bball\u00bb portfolio_starting_category=\u00bball\u00bb order=\u00bbDESC\u00bb orderby=\u00bbdate\u00bb pagination=\u00bbnone\u00bb exclude_current_post=\u00bbyes\u00bb columns=\u00bb3&#8243; columns_tablet=\u00bb2&#8243; columns_phone=\u00bb1&#8243; grid_item_spacing=\u00bb5px\u00bb grid_item_height=\u00bb60vh\u00bb image_size=\u00bblarge\u00bb image_loading=\u00bbdefault\u00bb animation=\u00bbfade-in-from-bottom\u00bb animation_stagger=\u00bb90&#8243; animation_easing=\u00bbdefault\u00bb heading_tag=\u00bbh3&#8243; category_position=\u00bbbelow_title\u00bb additional_meta_size=\u00bbdefault\u00bb custom_fields_location=\u00bbbefore_post_meta\u00bb grid_style=\u00bbcontent_under_image\u00bb content_under_image_text_align=\u00bbleft\u00bb text_color=\u00bbdark\u00bb hover_effect=\u00bbanimated_underline_zoom\u00bb border_radius=\u00bb5px\u00bb shadow_on_hover=\u00bbyes\u00bb display_type=\u00bbgrid\u00bb custom_font_size=\u00bb21&#8243;][\/vc_column][\/vc_row]\n","protected":false},"excerpt":{"rendered":"<p>[vc_row type=\u00bbfull_width_background\u00bb full_screen_row_position=\u00bbmiddle\u00bb column_margin=\u00bbdefault\u00bb column_direction=\u00bbdefault\u00bb column_direction_tablet=\u00bbdefault\u00bb column_direction_phone=\u00bbdefault\u00bb bg_color=\u00bb#ffffff\u00bb scene_position=\u00bbcenter\u00bb top_padding=\u00bb3%\u00bb bottom_padding=\u00bb1%\u00bb top_padding_phone=\u00bb47&#8243; text_color=\u00bbdark\u00bb text_align=\u00bbleft\u00bb row_border_radius=\u00bbnone\u00bb row_border_radius_applies=\u00bbbg\u00bb overflow=\u00bbvisible\u00bb overlay_strength=\u00bb0.3&#8243; gradient_direction=\u00bbleft_to_right\u00bb shape_divider_position=\u00bbbottom\u00bb bg_image_animation=\u00bbnone\u00bb gradient_type=\u00bbdefault\u00bb shape_type=\u00bb\u00bb][vc_column column_padding=\u00bbno-extra-padding\u00bb column_padding_tablet=\u00bbinherit\u00bb&#8230;<\/p>\n","protected":false},"author":1,"featured_media":12369,"parent":0,"menu_order":0,"comment_status":"closed","ping_status":"closed","template":"","meta":{"footnotes":""},"class_list":["post-12636","page","type-page","status-publish","has-post-thumbnail"],"yoast_head":"<!-- This site is optimized with the Yoast SEO plugin v27.3 - https:\/\/yoast.com\/product\/yoast-seo-wordpress\/ -->\n<title>Especies Observaci\u00f3n de la fauna en Espa\u00f1a - Safaris fotogr\u00e1ficos en Espa\u00f1a<\/title>\n<meta name=\"description\" content=\"Avistamiento de Fauna en Espa\u00f1a, Avistamiento de Animales en Espa\u00f1a, Observaci\u00f3n de Fauna en Espa\u00f1a. Avistamiento de cabra mont\u00e9s en Gredos, Safari en Gredos. Rutas guiadas en Gredos.\" \/>\n<meta name=\"robots\" content=\"index, follow, max-snippet:-1, max-image-preview:large, max-video-preview:-1\" \/>\n<link rel=\"canonical\" href=\"https:\/\/wildlifeexperiencespain.com\/es\/especies-avistamiento-de-fauna\/\" \/>\n<meta property=\"og:locale\" content=\"es_ES\" \/>\n<meta property=\"og:type\" content=\"article\" \/>\n<meta property=\"og:title\" content=\"Especies Observaci\u00f3n de la fauna en Espa\u00f1a - Safaris fotogr\u00e1ficos en Espa\u00f1a\" \/>\n<meta property=\"og:description\" content=\"Avistamiento de Fauna en Espa\u00f1a, Avistamiento de Animales en Espa\u00f1a, Observaci\u00f3n de Fauna en Espa\u00f1a. Avistamiento de cabra mont\u00e9s en Gredos, Safari en Gredos. Rutas guiadas en Gredos.\" \/>\n<meta property=\"og:url\" content=\"https:\/\/wildlifeexperiencespain.com\/es\/especies-avistamiento-de-fauna\/\" \/>\n<meta property=\"og:site_name\" content=\"Wildlife Experience in Spain. Wildlife Sighting in Spain\" \/>\n<meta property=\"article:modified_time\" content=\"2024-12-26T16:20:38+00:00\" \/>\n<meta property=\"og:image\" content=\"https:\/\/wildlifeexperiencespain.com\/wp-content\/uploads\/2024\/11\/wildlife-sighting-in-spain-iberian-wolf-nature-trips-safaris-in-spain-1.jpg\" \/>\n\t<meta property=\"og:image:width\" content=\"1200\" \/>\n\t<meta property=\"og:image:height\" content=\"613\" \/>\n\t<meta property=\"og:image:type\" content=\"image\/jpeg\" \/>\n<meta name=\"twitter:card\" content=\"summary_large_image\" \/>\n<meta name=\"twitter:label1\" content=\"Tiempo de lectura\" \/>\n\t<meta name=\"twitter:data1\" content=\"1 minuto\" \/>\n<script type=\"application\/ld+json\" class=\"yoast-schema-graph\">{\"@context\":\"https:\\\/\\\/schema.org\",\"@graph\":[{\"@type\":\"WebPage\",\"@id\":\"https:\\\/\\\/wildlifeexperiencespain.com\\\/es\\\/especies-avistamiento-de-fauna\\\/\",\"url\":\"https:\\\/\\\/wildlifeexperiencespain.com\\\/es\\\/especies-avistamiento-de-fauna\\\/\",\"name\":\"Especies Observaci\u00f3n de la fauna en Espa\u00f1a - Safaris fotogr\u00e1ficos en Espa\u00f1a\",\"isPartOf\":{\"@id\":\"https:\\\/\\\/wildlifeexperiencespain.com\\\/es\\\/#website\"},\"primaryImageOfPage\":{\"@id\":\"https:\\\/\\\/wildlifeexperiencespain.com\\\/es\\\/especies-avistamiento-de-fauna\\\/#primaryimage\"},\"image\":{\"@id\":\"https:\\\/\\\/wildlifeexperiencespain.com\\\/es\\\/especies-avistamiento-de-fauna\\\/#primaryimage\"},\"thumbnailUrl\":\"https:\\\/\\\/wildlifeexperiencespain.com\\\/wp-content\\\/uploads\\\/2024\\\/11\\\/wildlife-sighting-in-spain-iberian-wolf-nature-trips-safaris-in-spain-1.jpg\",\"datePublished\":\"2024-10-09T15:03:16+00:00\",\"dateModified\":\"2024-12-26T16:20:38+00:00\",\"description\":\"Avistamiento de Fauna en Espa\u00f1a, Avistamiento de Animales en Espa\u00f1a, Observaci\u00f3n de Fauna en Espa\u00f1a. Avistamiento de cabra mont\u00e9s en Gredos, Safari en Gredos. Rutas guiadas en Gredos.\",\"breadcrumb\":{\"@id\":\"https:\\\/\\\/wildlifeexperiencespain.com\\\/es\\\/especies-avistamiento-de-fauna\\\/#breadcrumb\"},\"inLanguage\":\"es\",\"potentialAction\":[{\"@type\":\"ReadAction\",\"target\":[\"https:\\\/\\\/wildlifeexperiencespain.com\\\/es\\\/especies-avistamiento-de-fauna\\\/\"]}]},{\"@type\":\"ImageObject\",\"inLanguage\":\"es\",\"@id\":\"https:\\\/\\\/wildlifeexperiencespain.com\\\/es\\\/especies-avistamiento-de-fauna\\\/#primaryimage\",\"url\":\"https:\\\/\\\/wildlifeexperiencespain.com\\\/wp-content\\\/uploads\\\/2024\\\/11\\\/wildlife-sighting-in-spain-iberian-wolf-nature-trips-safaris-in-spain-1.jpg\",\"contentUrl\":\"https:\\\/\\\/wildlifeexperiencespain.com\\\/wp-content\\\/uploads\\\/2024\\\/11\\\/wildlife-sighting-in-spain-iberian-wolf-nature-trips-safaris-in-spain-1.jpg\",\"width\":1200,\"height\":613},{\"@type\":\"BreadcrumbList\",\"@id\":\"https:\\\/\\\/wildlifeexperiencespain.com\\\/es\\\/especies-avistamiento-de-fauna\\\/#breadcrumb\",\"itemListElement\":[{\"@type\":\"ListItem\",\"position\":1,\"name\":\"Portada\",\"item\":\"https:\\\/\\\/wildlifeexperiencespain.com\\\/es\\\/experiencia-de-vida-salvaje-en-espana\\\/\"},{\"@type\":\"ListItem\",\"position\":2,\"name\":\"ESPECIES AVISTAMIENTO DE FAUNA\"}]},{\"@type\":\"WebSite\",\"@id\":\"https:\\\/\\\/wildlifeexperiencespain.com\\\/es\\\/#website\",\"url\":\"https:\\\/\\\/wildlifeexperiencespain.com\\\/es\\\/\",\"name\":\"Wildlife Experience in Spain. Wildlife Sighting in Spain\",\"description\":\"Animals Sighting in Spain, Wildlife Watching in Spain, Gredos ibex Sighting in Spain, Specialist in Nature trips in Spain.\",\"potentialAction\":[{\"@type\":\"SearchAction\",\"target\":{\"@type\":\"EntryPoint\",\"urlTemplate\":\"https:\\\/\\\/wildlifeexperiencespain.com\\\/es\\\/?s={search_term_string}\"},\"query-input\":{\"@type\":\"PropertyValueSpecification\",\"valueRequired\":true,\"valueName\":\"search_term_string\"}}],\"inLanguage\":\"es\"}]}<\/script>\n<!-- \/ Yoast SEO plugin. -->","yoast_head_json":{"title":"Especies Observaci\u00f3n de la fauna en Espa\u00f1a - Safaris fotogr\u00e1ficos en Espa\u00f1a","description":"Avistamiento de Fauna en Espa\u00f1a, Avistamiento de Animales en Espa\u00f1a, Observaci\u00f3n de Fauna en Espa\u00f1a. Avistamiento de cabra mont\u00e9s en Gredos, Safari en Gredos. Rutas guiadas en Gredos.","robots":{"index":"index","follow":"follow","max-snippet":"max-snippet:-1","max-image-preview":"max-image-preview:large","max-video-preview":"max-video-preview:-1"},"canonical":"https:\/\/wildlifeexperiencespain.com\/es\/especies-avistamiento-de-fauna\/","og_locale":"es_ES","og_type":"article","og_title":"Especies Observaci\u00f3n de la fauna en Espa\u00f1a - Safaris fotogr\u00e1ficos en Espa\u00f1a","og_description":"Avistamiento de Fauna en Espa\u00f1a, Avistamiento de Animales en Espa\u00f1a, Observaci\u00f3n de Fauna en Espa\u00f1a. Avistamiento de cabra mont\u00e9s en Gredos, Safari en Gredos. Rutas guiadas en Gredos.","og_url":"https:\/\/wildlifeexperiencespain.com\/es\/especies-avistamiento-de-fauna\/","og_site_name":"Wildlife Experience in Spain. Wildlife Sighting in Spain","article_modified_time":"2024-12-26T16:20:38+00:00","og_image":[{"width":1200,"height":613,"url":"https:\/\/wildlifeexperiencespain.com\/wp-content\/uploads\/2024\/11\/wildlife-sighting-in-spain-iberian-wolf-nature-trips-safaris-in-spain-1.jpg","type":"image\/jpeg"}],"twitter_card":"summary_large_image","twitter_misc":{"Tiempo de lectura":"1 minuto"},"schema":{"@context":"https:\/\/schema.org","@graph":[{"@type":"WebPage","@id":"https:\/\/wildlifeexperiencespain.com\/es\/especies-avistamiento-de-fauna\/","url":"https:\/\/wildlifeexperiencespain.com\/es\/especies-avistamiento-de-fauna\/","name":"Especies Observaci\u00f3n de la fauna en Espa\u00f1a - Safaris fotogr\u00e1ficos en Espa\u00f1a","isPartOf":{"@id":"https:\/\/wildlifeexperiencespain.com\/es\/#website"},"primaryImageOfPage":{"@id":"https:\/\/wildlifeexperiencespain.com\/es\/especies-avistamiento-de-fauna\/#primaryimage"},"image":{"@id":"https:\/\/wildlifeexperiencespain.com\/es\/especies-avistamiento-de-fauna\/#primaryimage"},"thumbnailUrl":"https:\/\/wildlifeexperiencespain.com\/wp-content\/uploads\/2024\/11\/wildlife-sighting-in-spain-iberian-wolf-nature-trips-safaris-in-spain-1.jpg","datePublished":"2024-10-09T15:03:16+00:00","dateModified":"2024-12-26T16:20:38+00:00","description":"Avistamiento de Fauna en Espa\u00f1a, Avistamiento de Animales en Espa\u00f1a, Observaci\u00f3n de Fauna en Espa\u00f1a. Avistamiento de cabra mont\u00e9s en Gredos, Safari en Gredos. Rutas guiadas en Gredos.","breadcrumb":{"@id":"https:\/\/wildlifeexperiencespain.com\/es\/especies-avistamiento-de-fauna\/#breadcrumb"},"inLanguage":"es","potentialAction":[{"@type":"ReadAction","target":["https:\/\/wildlifeexperiencespain.com\/es\/especies-avistamiento-de-fauna\/"]}]},{"@type":"ImageObject","inLanguage":"es","@id":"https:\/\/wildlifeexperiencespain.com\/es\/especies-avistamiento-de-fauna\/#primaryimage","url":"https:\/\/wildlifeexperiencespain.com\/wp-content\/uploads\/2024\/11\/wildlife-sighting-in-spain-iberian-wolf-nature-trips-safaris-in-spain-1.jpg","contentUrl":"https:\/\/wildlifeexperiencespain.com\/wp-content\/uploads\/2024\/11\/wildlife-sighting-in-spain-iberian-wolf-nature-trips-safaris-in-spain-1.jpg","width":1200,"height":613},{"@type":"BreadcrumbList","@id":"https:\/\/wildlifeexperiencespain.com\/es\/especies-avistamiento-de-fauna\/#breadcrumb","itemListElement":[{"@type":"ListItem","position":1,"name":"Portada","item":"https:\/\/wildlifeexperiencespain.com\/es\/experiencia-de-vida-salvaje-en-espana\/"},{"@type":"ListItem","position":2,"name":"ESPECIES AVISTAMIENTO DE FAUNA"}]},{"@type":"WebSite","@id":"https:\/\/wildlifeexperiencespain.com\/es\/#website","url":"https:\/\/wildlifeexperiencespain.com\/es\/","name":"Wildlife Experience in Spain. Wildlife Sighting in Spain","description":"Animals Sighting in Spain, Wildlife Watching in Spain, Gredos ibex Sighting in Spain, Specialist in Nature trips in Spain.","potentialAction":[{"@type":"SearchAction","target":{"@type":"EntryPoint","urlTemplate":"https:\/\/wildlifeexperiencespain.com\/es\/?s={search_term_string}"},"query-input":{"@type":"PropertyValueSpecification","valueRequired":true,"valueName":"search_term_string"}}],"inLanguage":"es"}]}},"_links":{"self":[{"href":"https:\/\/wildlifeexperiencespain.com\/es\/wp-json\/wp\/v2\/pages\/12636","targetHints":{"allow":["GET"]}}],"collection":[{"href":"https:\/\/wildlifeexperiencespain.com\/es\/wp-json\/wp\/v2\/pages"}],"about":[{"href":"https:\/\/wildlifeexperiencespain.com\/es\/wp-json\/wp\/v2\/types\/page"}],"author":[{"embeddable":true,"href":"https:\/\/wildlifeexperiencespain.com\/es\/wp-json\/wp\/v2\/users\/1"}],"replies":[{"embeddable":true,"href":"https:\/\/wildlifeexperiencespain.com\/es\/wp-json\/wp\/v2\/comments?post=12636"}],"version-history":[{"count":4,"href":"https:\/\/wildlifeexperiencespain.com\/es\/wp-json\/wp\/v2\/pages\/12636\/revisions"}],"predecessor-version":[{"id":12641,"href":"https:\/\/wildlifeexperiencespain.com\/es\/wp-json\/wp\/v2\/pages\/12636\/revisions\/12641"}],"wp:featuredmedia":[{"embeddable":true,"href":"https:\/\/wildlifeexperiencespain.com\/es\/wp-json\/wp\/v2\/media\/12369"}],"wp:attachment":[{"href":"https:\/\/wildlifeexperiencespain.com\/es\/wp-json\/wp\/v2\/media?parent=12636"}],"curies":[{"name":"wp","href":"https:\/\/api.w.org\/{rel}","templated":true}]}}