{"id":12610,"date":"2024-10-13T16:16:10","date_gmt":"2024-10-13T16:16:10","guid":{"rendered":"https:\/\/wildlifeexperiencespain.com\/cabra-montes-de-gredos-en-espana\/"},"modified":"2025-06-02T21:05:57","modified_gmt":"2025-06-02T21:05:57","slug":"cabra-montes-de-gredos-en-espana","status":"publish","type":"page","link":"https:\/\/wildlifeexperiencespain.com\/es\/cabra-montes-de-gredos-en-espana\/","title":{"rendered":"CABRA MONT\u00c9S DE GREDOS EN ESPA\u00d1A"},"content":{"rendered":"[vc_row type=\u00bbfull_width_background\u00bb full_screen_row_position=\u00bbmiddle\u00bb column_margin=\u00bb30px\u00bb column_direction=\u00bbdefault\u00bb column_direction_tablet=\u00bbdefault\u00bb column_direction_phone=\u00bbdefault\u00bb bg_color=\u00bb#f2f2f2&#8243; scene_position=\u00bbcenter\u00bb top_padding=\u00bb3%\u00bb constrain_group_1=\u00bbyes\u00bb bottom_padding=\u00bb3%\u00bb top_padding_phone=\u00bb0px\u00bb top_margin=\u00bb0px\u00bb bottom_margin=\u00bb0&#8243; top_margin_phone=\u00bb0px\u00bb text_color=\u00bbdark\u00bb text_align=\u00bbleft\u00bb row_border_radius=\u00bbnone\u00bb row_border_radius_applies=\u00bbbg\u00bb overflow=\u00bbvisible\u00bb overlay_strength=\u00bb0.3&#8243; gradient_direction=\u00bbleft_to_right\u00bb shape_divider_position=\u00bbbottom\u00bb bg_image_animation=\u00bbnone\u00bb gradient_type=\u00bbdefault\u00bb shape_type=\u00bb\u00bb][vc_column column_padding=\u00bbpadding-3-percent\u00bb column_padding_tablet=\u00bbinherit\u00bb column_padding_phone=\u00bbpadding-2-percent\u00bb column_padding_position=\u00bball\u00bb top_margin=\u00bb0px\u00bb top_margin_phone=\u00bb37&#8243; column_element_direction_desktop=\u00bbdefault\u00bb column_element_spacing=\u00bb0px\u00bb desktop_text_alignment=\u00bbdefault\u00bb tablet_text_alignment=\u00bbdefault\u00bb phone_text_alignment=\u00bbdefault\u00bb background_color_opacity=\u00bb1&#8243; background_hover_color_opacity=\u00bb1&#8243; column_backdrop_filter=\u00bbnone\u00bb column_shadow=\u00bbnone\u00bb column_border_radius=\u00bbnone\u00bb column_link_target=\u00bb_self\u00bb column_position=\u00bbdefault\u00bb gradient_direction=\u00bbleft_to_right\u00bb overlay_strength=\u00bb0.3&#8243; width=\u00bb1\/2&#8243; tablet_width_inherit=\u00bbdefault\u00bb animation_type=\u00bbdefault\u00bb bg_image_animation=\u00bbnone\u00bb border_type=\u00bbsimple\u00bb column_border_width=\u00bbnone\u00bb column_border_style=\u00bbsolid\u00bb column_padding_type=\u00bbdefault\u00bb gradient_type=\u00bbdefault\u00bb][vc_column_text css=\u00bb.vc_custom_1748898341825{margin-top: 0px !important;padding-top: 0px !important;}\u00bb text_direction=\u00bbdefault\u00bb]<strong><span style=\"color: #96931e;\">GREDOS <\/span><\/strong>una majestuosa cadena monta\u00f1osa situada en el centro de Espa\u00f1a, a s\u00f3lo hora y media de Madrid, ofrece una experiencia \u00fanica en cuanto a paisajes, vida salvaje y actividades al aire libre. Gredos es un para\u00edso natural que atrae a amantes de la naturaleza y aventureros de todo el mundo.<\/p>\n<p>Encontrar\u00e1s altas cumbres como el Almanzor, el pico m\u00e1s alto de la sierra, as\u00ed como profundas gargantas, lagunas glaciares y extensos prados donde podr\u00e1s disfrutar de la emblem\u00e1tica Cabra Mont\u00e9s de Gredos.<\/p>\n<p>La fauna de Gredos es diversa y \u00fanica. Cabra mont\u00e9s de Gredos, lobo ib\u00e9rico, jabal\u00edes, ciervos, corzos, zorros&#8230; as\u00ed como una gran diversidad de aves: \u00c1guilas Reales, y muchos otros tipos de \u00e1guilas, Buitres Negros, Buitres Leonados, Quebrantahuesos, Milanos&#8230; son algunas de las especies que se pueden observar en esta zona. La riqueza de la fauna hace de Gredos un destino ideal para los amantes de los animales y de la fotograf\u00eda de naturaleza.<\/p>\n<p>Los pueblos que rodean Gredos tambi\u00e9n ofrecen una rica experiencia cultural con su arquitectura tradicional, su gastronom\u00eda local y la calidez de sus gentes. En resumen, la Sierra de Gredos es un destino que combina la belleza natural con emocionantes actividades al aire libre, haciendo de cada visita una experiencia inolvidable.[\/vc_column_text][nectar_btn size=\u00bblarge\u00bb button_style=\u00bbregular\u00bb button_color_2=\u00bbAccent-Color\u00bb icon_family=\u00bbdefault_arrow\u00bb url=\u00bbhttps:\/\/wildlifeexperiencespain.com\/locations-wildlife-sighting-in-spain\/\u00bb text=\u00bbVer otros lugares\u00bb margin_top=\u00bb27&#8243;][divider line_type=\u00bbNo Line\u00bb custom_height_phone=\u00bb27&#8243;][\/vc_column][vc_column column_padding=\u00bbno-extra-padding\u00bb column_padding_tablet=\u00bbinherit\u00bb column_padding_phone=\u00bbpadding-3-percent\u00bb column_padding_position=\u00bbbottom\u00bb column_element_direction_desktop=\u00bbdefault\u00bb column_element_spacing=\u00bbdefault\u00bb desktop_text_alignment=\u00bbdefault\u00bb tablet_text_alignment=\u00bbdefault\u00bb phone_text_alignment=\u00bbdefault\u00bb background_color_opacity=\u00bb1&#8243; background_hover_color_opacity=\u00bb1&#8243; column_backdrop_filter=\u00bbnone\u00bb column_shadow=\u00bbnone\u00bb column_border_radius=\u00bbnone\u00bb column_link_target=\u00bb_self\u00bb column_position=\u00bbdefault\u00bb gradient_direction=\u00bbleft_to_right\u00bb overlay_strength=\u00bb0.3&#8243; width=\u00bb1\/2&#8243; tablet_width_inherit=\u00bbdefault\u00bb animation_type=\u00bbdefault\u00bb bg_image_animation=\u00bbnone\u00bb border_type=\u00bbsimple\u00bb column_border_width=\u00bbnone\u00bb column_border_style=\u00bbsolid\u00bb column_padding_type=\u00bbdefault\u00bb gradient_type=\u00bbdefault\u00bb][vc_gallery css=\u00bb\u00bb type=\u00bbimage_grid\u00bb images=\u00bb11494,11589,11024,11023,11588,11031&#8243; image_grid_loading=\u00bbdefault\u00bb layout=\u00bb2&#8243; masonry_style=\u00bbtrue\u00bb bypass_image_cropping=\u00bbtrue\u00bb item_spacing=\u00bb2px\u00bb gallery_style=\u00bb7&#8243; load_in_animation=\u00bbnone\u00bb][\/vc_column][\/vc_row]\n","protected":false},"excerpt":{"rendered":"<p>[vc_row type=\u00bbfull_width_background\u00bb full_screen_row_position=\u00bbmiddle\u00bb column_margin=\u00bb30px\u00bb column_direction=\u00bbdefault\u00bb column_direction_tablet=\u00bbdefault\u00bb column_direction_phone=\u00bbdefault\u00bb bg_color=\u00bb#f2f2f2&#8243; scene_position=\u00bbcenter\u00bb top_padding=\u00bb3%\u00bb constrain_group_1=\u00bbyes\u00bb bottom_padding=\u00bb3%\u00bb top_padding_phone=\u00bb0px\u00bb top_margin=\u00bb0px\u00bb bottom_margin=\u00bb0&#8243; top_margin_phone=\u00bb0px\u00bb text_color=\u00bbdark\u00bb text_align=\u00bbleft\u00bb row_border_radius=\u00bbnone\u00bb row_border_radius_applies=\u00bbbg\u00bb overflow=\u00bbvisible\u00bb overlay_strength=\u00bb0.3&#8243; gradient_direction=\u00bbleft_to_right\u00bb shape_divider_position=\u00bbbottom\u00bb bg_image_animation=\u00bbnone\u00bb&#8230;<\/p>\n","protected":false},"author":1,"featured_media":11907,"parent":0,"menu_order":0,"comment_status":"closed","ping_status":"closed","template":"","meta":{"footnotes":""},"class_list":["post-12610","page","type-page","status-publish","has-post-thumbnail"],"yoast_head":"<!-- This site is optimized with the Yoast SEO plugin v27.3 - https:\/\/yoast.com\/product\/yoast-seo-wordpress\/ -->\n<title>Especialista en Viajes de Naturaleza en Gredos - Avistamiento de cabra mont\u00e9s en Gredos, Espa\u00f1a<\/title>\n<meta name=\"description\" content=\"Conocer Gredos. Especialista en viajes de Naturaleza en Gredos. La fauna de Gredos es diversa y \u00fanica. Podr\u00e1s avistar cabra mont\u00e9s de Gredos, lobo ib\u00e9rico, jabal\u00edes, ciervos, corzos, zorros...\" \/>\n<meta name=\"robots\" content=\"index, follow, max-snippet:-1, max-image-preview:large, max-video-preview:-1\" \/>\n<link rel=\"canonical\" href=\"https:\/\/wildlifeexperiencespain.com\/es\/cabra-montes-de-gredos-en-espana\/\" \/>\n<meta property=\"og:locale\" content=\"es_ES\" \/>\n<meta property=\"og:type\" content=\"article\" \/>\n<meta property=\"og:title\" content=\"Especialista en Viajes de Naturaleza en Gredos - Avistamiento de cabra mont\u00e9s en Gredos, Espa\u00f1a\" \/>\n<meta property=\"og:description\" content=\"Conocer Gredos. Especialista en viajes de Naturaleza en Gredos. La fauna de Gredos es diversa y \u00fanica. Podr\u00e1s avistar cabra mont\u00e9s de Gredos, lobo ib\u00e9rico, jabal\u00edes, ciervos, corzos, zorros...\" \/>\n<meta property=\"og:url\" content=\"https:\/\/wildlifeexperiencespain.com\/es\/cabra-montes-de-gredos-en-espana\/\" \/>\n<meta property=\"og:site_name\" content=\"Wildlife Experience in Spain. Wildlife Sighting in Spain\" \/>\n<meta property=\"article:modified_time\" content=\"2025-06-02T21:05:57+00:00\" \/>\n<meta property=\"og:image\" content=\"https:\/\/wildlifeexperiencespain.com\/wp-content\/uploads\/2024\/10\/gredos-ibex-sighting-in-spain-5.jpg\" \/>\n\t<meta property=\"og:image:width\" content=\"770\" \/>\n\t<meta property=\"og:image:height\" content=\"1120\" \/>\n\t<meta property=\"og:image:type\" content=\"image\/jpeg\" \/>\n<meta name=\"twitter:card\" content=\"summary_large_image\" \/>\n<meta name=\"twitter:label1\" content=\"Tiempo de lectura\" \/>\n\t<meta name=\"twitter:data1\" content=\"3 minutos\" \/>\n<script type=\"application\/ld+json\" class=\"yoast-schema-graph\">{\"@context\":\"https:\\\/\\\/schema.org\",\"@graph\":[{\"@type\":\"WebPage\",\"@id\":\"https:\\\/\\\/wildlifeexperiencespain.com\\\/es\\\/cabra-montes-de-gredos-en-espana\\\/\",\"url\":\"https:\\\/\\\/wildlifeexperiencespain.com\\\/es\\\/cabra-montes-de-gredos-en-espana\\\/\",\"name\":\"Especialista en Viajes de Naturaleza en Gredos - Avistamiento de cabra mont\u00e9s en Gredos, Espa\u00f1a\",\"isPartOf\":{\"@id\":\"https:\\\/\\\/wildlifeexperiencespain.com\\\/es\\\/#website\"},\"primaryImageOfPage\":{\"@id\":\"https:\\\/\\\/wildlifeexperiencespain.com\\\/es\\\/cabra-montes-de-gredos-en-espana\\\/#primaryimage\"},\"image\":{\"@id\":\"https:\\\/\\\/wildlifeexperiencespain.com\\\/es\\\/cabra-montes-de-gredos-en-espana\\\/#primaryimage\"},\"thumbnailUrl\":\"https:\\\/\\\/wildlifeexperiencespain.com\\\/wp-content\\\/uploads\\\/2024\\\/10\\\/gredos-ibex-sighting-in-spain-5.jpg\",\"datePublished\":\"2024-10-13T16:16:10+00:00\",\"dateModified\":\"2025-06-02T21:05:57+00:00\",\"description\":\"Conocer Gredos. Especialista en viajes de Naturaleza en Gredos. La fauna de Gredos es diversa y \u00fanica. Podr\u00e1s avistar cabra mont\u00e9s de Gredos, lobo ib\u00e9rico, jabal\u00edes, ciervos, corzos, zorros...\",\"breadcrumb\":{\"@id\":\"https:\\\/\\\/wildlifeexperiencespain.com\\\/es\\\/cabra-montes-de-gredos-en-espana\\\/#breadcrumb\"},\"inLanguage\":\"es\",\"potentialAction\":[{\"@type\":\"ReadAction\",\"target\":[\"https:\\\/\\\/wildlifeexperiencespain.com\\\/es\\\/cabra-montes-de-gredos-en-espana\\\/\"]}]},{\"@type\":\"ImageObject\",\"inLanguage\":\"es\",\"@id\":\"https:\\\/\\\/wildlifeexperiencespain.com\\\/es\\\/cabra-montes-de-gredos-en-espana\\\/#primaryimage\",\"url\":\"https:\\\/\\\/wildlifeexperiencespain.com\\\/wp-content\\\/uploads\\\/2024\\\/10\\\/gredos-ibex-sighting-in-spain-5.jpg\",\"contentUrl\":\"https:\\\/\\\/wildlifeexperiencespain.com\\\/wp-content\\\/uploads\\\/2024\\\/10\\\/gredos-ibex-sighting-in-spain-5.jpg\",\"width\":770,\"height\":1120},{\"@type\":\"BreadcrumbList\",\"@id\":\"https:\\\/\\\/wildlifeexperiencespain.com\\\/es\\\/cabra-montes-de-gredos-en-espana\\\/#breadcrumb\",\"itemListElement\":[{\"@type\":\"ListItem\",\"position\":1,\"name\":\"Portada\",\"item\":\"https:\\\/\\\/wildlifeexperiencespain.com\\\/es\\\/experiencia-de-vida-salvaje-en-espana\\\/\"},{\"@type\":\"ListItem\",\"position\":2,\"name\":\"CABRA MONT\u00c9S DE GREDOS EN ESPA\u00d1A\"}]},{\"@type\":\"WebSite\",\"@id\":\"https:\\\/\\\/wildlifeexperiencespain.com\\\/es\\\/#website\",\"url\":\"https:\\\/\\\/wildlifeexperiencespain.com\\\/es\\\/\",\"name\":\"Wildlife Experience in Spain. Wildlife Sighting in Spain\",\"description\":\"Animals Sighting in Spain, Wildlife Watching in Spain, Gredos ibex Sighting in Spain, Specialist in Nature trips in Spain.\",\"potentialAction\":[{\"@type\":\"SearchAction\",\"target\":{\"@type\":\"EntryPoint\",\"urlTemplate\":\"https:\\\/\\\/wildlifeexperiencespain.com\\\/es\\\/?s={search_term_string}\"},\"query-input\":{\"@type\":\"PropertyValueSpecification\",\"valueRequired\":true,\"valueName\":\"search_term_string\"}}],\"inLanguage\":\"es\"}]}<\/script>\n<!-- \/ Yoast SEO plugin. -->","yoast_head_json":{"title":"Especialista en Viajes de Naturaleza en Gredos - Avistamiento de cabra mont\u00e9s en Gredos, Espa\u00f1a","description":"Conocer Gredos. Especialista en viajes de Naturaleza en Gredos. La fauna de Gredos es diversa y \u00fanica. Podr\u00e1s avistar cabra mont\u00e9s de Gredos, lobo ib\u00e9rico, jabal\u00edes, ciervos, corzos, zorros...","robots":{"index":"index","follow":"follow","max-snippet":"max-snippet:-1","max-image-preview":"max-image-preview:large","max-video-preview":"max-video-preview:-1"},"canonical":"https:\/\/wildlifeexperiencespain.com\/es\/cabra-montes-de-gredos-en-espana\/","og_locale":"es_ES","og_type":"article","og_title":"Especialista en Viajes de Naturaleza en Gredos - Avistamiento de cabra mont\u00e9s en Gredos, Espa\u00f1a","og_description":"Conocer Gredos. Especialista en viajes de Naturaleza en Gredos. La fauna de Gredos es diversa y \u00fanica. Podr\u00e1s avistar cabra mont\u00e9s de Gredos, lobo ib\u00e9rico, jabal\u00edes, ciervos, corzos, zorros...","og_url":"https:\/\/wildlifeexperiencespain.com\/es\/cabra-montes-de-gredos-en-espana\/","og_site_name":"Wildlife Experience in Spain. Wildlife Sighting in Spain","article_modified_time":"2025-06-02T21:05:57+00:00","og_image":[{"width":770,"height":1120,"url":"https:\/\/wildlifeexperiencespain.com\/wp-content\/uploads\/2024\/10\/gredos-ibex-sighting-in-spain-5.jpg","type":"image\/jpeg"}],"twitter_card":"summary_large_image","twitter_misc":{"Tiempo de lectura":"3 minutos"},"schema":{"@context":"https:\/\/schema.org","@graph":[{"@type":"WebPage","@id":"https:\/\/wildlifeexperiencespain.com\/es\/cabra-montes-de-gredos-en-espana\/","url":"https:\/\/wildlifeexperiencespain.com\/es\/cabra-montes-de-gredos-en-espana\/","name":"Especialista en Viajes de Naturaleza en Gredos - Avistamiento de cabra mont\u00e9s en Gredos, Espa\u00f1a","isPartOf":{"@id":"https:\/\/wildlifeexperiencespain.com\/es\/#website"},"primaryImageOfPage":{"@id":"https:\/\/wildlifeexperiencespain.com\/es\/cabra-montes-de-gredos-en-espana\/#primaryimage"},"image":{"@id":"https:\/\/wildlifeexperiencespain.com\/es\/cabra-montes-de-gredos-en-espana\/#primaryimage"},"thumbnailUrl":"https:\/\/wildlifeexperiencespain.com\/wp-content\/uploads\/2024\/10\/gredos-ibex-sighting-in-spain-5.jpg","datePublished":"2024-10-13T16:16:10+00:00","dateModified":"2025-06-02T21:05:57+00:00","description":"Conocer Gredos. Especialista en viajes de Naturaleza en Gredos. La fauna de Gredos es diversa y \u00fanica. Podr\u00e1s avistar cabra mont\u00e9s de Gredos, lobo ib\u00e9rico, jabal\u00edes, ciervos, corzos, zorros...","breadcrumb":{"@id":"https:\/\/wildlifeexperiencespain.com\/es\/cabra-montes-de-gredos-en-espana\/#breadcrumb"},"inLanguage":"es","potentialAction":[{"@type":"ReadAction","target":["https:\/\/wildlifeexperiencespain.com\/es\/cabra-montes-de-gredos-en-espana\/"]}]},{"@type":"ImageObject","inLanguage":"es","@id":"https:\/\/wildlifeexperiencespain.com\/es\/cabra-montes-de-gredos-en-espana\/#primaryimage","url":"https:\/\/wildlifeexperiencespain.com\/wp-content\/uploads\/2024\/10\/gredos-ibex-sighting-in-spain-5.jpg","contentUrl":"https:\/\/wildlifeexperiencespain.com\/wp-content\/uploads\/2024\/10\/gredos-ibex-sighting-in-spain-5.jpg","width":770,"height":1120},{"@type":"BreadcrumbList","@id":"https:\/\/wildlifeexperiencespain.com\/es\/cabra-montes-de-gredos-en-espana\/#breadcrumb","itemListElement":[{"@type":"ListItem","position":1,"name":"Portada","item":"https:\/\/wildlifeexperiencespain.com\/es\/experiencia-de-vida-salvaje-en-espana\/"},{"@type":"ListItem","position":2,"name":"CABRA MONT\u00c9S DE GREDOS EN ESPA\u00d1A"}]},{"@type":"WebSite","@id":"https:\/\/wildlifeexperiencespain.com\/es\/#website","url":"https:\/\/wildlifeexperiencespain.com\/es\/","name":"Wildlife Experience in Spain. Wildlife Sighting in Spain","description":"Animals Sighting in Spain, Wildlife Watching in Spain, Gredos ibex Sighting in Spain, Specialist in Nature trips in Spain.","potentialAction":[{"@type":"SearchAction","target":{"@type":"EntryPoint","urlTemplate":"https:\/\/wildlifeexperiencespain.com\/es\/?s={search_term_string}"},"query-input":{"@type":"PropertyValueSpecification","valueRequired":true,"valueName":"search_term_string"}}],"inLanguage":"es"}]}},"_links":{"self":[{"href":"https:\/\/wildlifeexperiencespain.com\/es\/wp-json\/wp\/v2\/pages\/12610","targetHints":{"allow":["GET"]}}],"collection":[{"href":"https:\/\/wildlifeexperiencespain.com\/es\/wp-json\/wp\/v2\/pages"}],"about":[{"href":"https:\/\/wildlifeexperiencespain.com\/es\/wp-json\/wp\/v2\/types\/page"}],"author":[{"embeddable":true,"href":"https:\/\/wildlifeexperiencespain.com\/es\/wp-json\/wp\/v2\/users\/1"}],"replies":[{"embeddable":true,"href":"https:\/\/wildlifeexperiencespain.com\/es\/wp-json\/wp\/v2\/comments?post=12610"}],"version-history":[{"count":3,"href":"https:\/\/wildlifeexperiencespain.com\/es\/wp-json\/wp\/v2\/pages\/12610\/revisions"}],"predecessor-version":[{"id":12819,"href":"https:\/\/wildlifeexperiencespain.com\/es\/wp-json\/wp\/v2\/pages\/12610\/revisions\/12819"}],"wp:featuredmedia":[{"embeddable":true,"href":"https:\/\/wildlifeexperiencespain.com\/es\/wp-json\/wp\/v2\/media\/11907"}],"wp:attachment":[{"href":"https:\/\/wildlifeexperiencespain.com\/es\/wp-json\/wp\/v2\/media?parent=12610"}],"curies":[{"name":"wp","href":"https:\/\/api.w.org\/{rel}","templated":true}]}}