{"id":12563,"date":"2024-11-18T12:11:19","date_gmt":"2024-11-18T12:11:19","guid":{"rendered":"https:\/\/wildlifeexperiencespain.com\/experiencias-avistamiento-de-fauna-en-espana\/"},"modified":"2024-12-26T16:20:30","modified_gmt":"2024-12-26T16:20:30","slug":"experiencias-avistamiento-de-fauna-en-espana","status":"publish","type":"page","link":"https:\/\/wildlifeexperiencespain.com\/es\/experiencias-avistamiento-de-fauna-en-espana\/","title":{"rendered":"EXPERIENCIAS Avistamiento de Fauna en Espa\u00f1a"},"content":{"rendered":"[vc_row type=\u00bbfull_width_background\u00bb full_screen_row_position=\u00bbmiddle\u00bb column_margin=\u00bbcustom\u00bb column_direction=\u00bbdefault\u00bb column_direction_tablet=\u00bbdefault\u00bb column_direction_phone=\u00bbdefault\u00bb bg_color=\u00bb#3c3c3b\u00bb scene_position=\u00bbcenter\u00bb top_padding=\u00bb5%\u00bb constrain_group_1=\u00bbyes\u00bb bottom_padding=\u00bb5%\u00bb top_padding_tablet=\u00bb15&#8243; top_margin_phone=\u00bb0&#8243; text_color=\u00bbdark\u00bb text_align=\u00bbleft\u00bb row_border_radius=\u00bbnone\u00bb row_border_radius_applies=\u00bbbg\u00bb overflow=\u00bbvisible\u00bb advanced_gradient_angle=\u00bb0&#8243; overlay_strength=\u00bb0.3&#8243; gradient_direction=\u00bbleft_to_right\u00bb shape_divider_position=\u00bbbottom\u00bb bg_image_animation=\u00bbnone\u00bb gradient_type=\u00bbdefault\u00bb shape_type=\u00bb\u00bb][vc_column top_margin=\u00bb97&#8243; top_margin_phone=\u00bb21&#8243; column_element_direction_desktop=\u00bbdefault\u00bb column_element_spacing=\u00bb0px\u00bb desktop_text_alignment=\u00bbdefault\u00bb tablet_text_alignment=\u00bbdefault\u00bb phone_text_alignment=\u00bbdefault\u00bb background_color_opacity=\u00bb1&#8243; background_hover_color_opacity=\u00bb1&#8243; column_backdrop_filter=\u00bbnone\u00bb column_shadow=\u00bbnone\u00bb column_border_radius=\u00bbnone\u00bb column_link_target=\u00bb_self\u00bb column_position=\u00bbdefault\u00bb advanced_gradient_angle=\u00bb0&#8243; gradient_direction=\u00bbleft_to_right\u00bb overlay_strength=\u00bb0.3&#8243; width=\u00bb1\/1&#8243; tablet_width_inherit=\u00bbdefault\u00bb animation_type=\u00bbdefault\u00bb bg_image_animation=\u00bbnone\u00bb border_type=\u00bbsimple\u00bb column_border_width=\u00bbnone\u00bb column_border_style=\u00bbsolid\u00bb gradient_type=\u00bbdefault\u00bb column_padding_type=\u00bbadvanced\u00bb][nectar_post_grid post_type=\u00bbpost\u00bb blog_category=\u00bball\u00bb blog_starting_category=\u00bball\u00bb order=\u00bbDESC\u00bb orderby=\u00bbdate\u00bb pagination=\u00bbnone\u00bb columns=\u00bb4&#8243; columns_tablet=\u00bbdefault\u00bb columns_phone=\u00bbdefault\u00bb grid_item_spacing=\u00bb15px\u00bb grid_item_height=\u00bb30vh\u00bb enable_masonry=\u00bbyes\u00bb image_size=\u00bblarge\u00bb aspect_ratio_image_size=\u00bbyes\u00bb custom_image_aspect_ratio=\u00bb4-3&#8243; image_loading=\u00bbskip-lazy-load\u00bb animation=\u00bbzoom-out-reveal\u00bb animation_stagger=\u00bb1&#8243; animation_easing=\u00bbeaseInOutCubic\u00bb parallax_scrolling=\u00bbyes\u00bb heading_tag=\u00bbh4&#8243; font_size_min=\u00bb16px\u00bb font_size_max=\u00bb23px\u00bb display_categories=\u00bbyes\u00bb category_functionality=\u00bbdefault\u00bb category_position=\u00bbdefault\u00bb category_style=\u00bbbutton\u00bb category_display=\u00bbparent_only\u00bb additional_meta_display=\u00bblarge_items_only\u00bb display_date=\u00bbyes\u00bb additional_meta_size=\u00bbsmall\u00bb custom_fields_location=\u00bbbefore_post_meta\u00bb grid_style=\u00bbcontent_under_image\u00bb content_under_image_text_align=\u00bbleft\u00bb text_color=\u00bblight\u00bb hover_effect=\u00bbzoom\u00bb border_radius=\u00bb10px\u00bb custom_font_size=\u00bb20&#8243; posts_per_page=\u00bb5&#8243; display_type=\u00bbgrid\u00bb font_line_height=\u00bb1.4&#8243;][\/vc_column][\/vc_row]\n","protected":false},"excerpt":{"rendered":"<p>[vc_row type=\u00bbfull_width_background\u00bb full_screen_row_position=\u00bbmiddle\u00bb column_margin=\u00bbcustom\u00bb column_direction=\u00bbdefault\u00bb column_direction_tablet=\u00bbdefault\u00bb column_direction_phone=\u00bbdefault\u00bb bg_color=\u00bb#3c3c3b\u00bb scene_position=\u00bbcenter\u00bb top_padding=\u00bb5%\u00bb constrain_group_1=\u00bbyes\u00bb bottom_padding=\u00bb5%\u00bb top_padding_tablet=\u00bb15&#8243; top_margin_phone=\u00bb0&#8243; text_color=\u00bbdark\u00bb text_align=\u00bbleft\u00bb row_border_radius=\u00bbnone\u00bb row_border_radius_applies=\u00bbbg\u00bb overflow=\u00bbvisible\u00bb advanced_gradient_angle=\u00bb0&#8243; overlay_strength=\u00bb0.3&#8243; gradient_direction=\u00bbleft_to_right\u00bb shape_divider_position=\u00bbbottom\u00bb bg_image_animation=\u00bbnone\u00bb gradient_type=\u00bbdefault\u00bb&#8230;<\/p>\n","protected":false},"author":1,"featured_media":11989,"parent":0,"menu_order":0,"comment_status":"closed","ping_status":"closed","template":"","meta":{"footnotes":""},"class_list":["post-12563","page","type-page","status-publish","has-post-thumbnail"],"yoast_head":"<!-- This site is optimized with the Yoast SEO plugin v27.3 - https:\/\/yoast.com\/product\/yoast-seo-wordpress\/ -->\n<title>Experiencias Avistamiento de Fauna en Espa\u00f1a - Safaris fotogr\u00e1ficos en Espa\u00f1a<\/title>\n<meta name=\"description\" content=\"Safaris fotogr\u00e1ficos en Espa\u00f1a. Avistamiento de animales en Espa\u00f1a, Observaci\u00f3n de fauna salvaje en Espa\u00f1a, Ecoturismo y rutas guiadas en Espa\u00f1a.\" \/>\n<meta name=\"robots\" content=\"index, follow, max-snippet:-1, max-image-preview:large, max-video-preview:-1\" \/>\n<link rel=\"canonical\" href=\"https:\/\/wildlifeexperiencespain.com\/es\/experiencias-avistamiento-de-fauna-en-espana\/\" \/>\n<meta property=\"og:locale\" content=\"es_ES\" \/>\n<meta property=\"og:type\" content=\"article\" \/>\n<meta property=\"og:title\" content=\"Experiencias Avistamiento de Fauna en Espa\u00f1a - Safaris fotogr\u00e1ficos en Espa\u00f1a\" \/>\n<meta property=\"og:description\" content=\"Safaris fotogr\u00e1ficos en Espa\u00f1a. Avistamiento de animales en Espa\u00f1a, Observaci\u00f3n de fauna salvaje en Espa\u00f1a, Ecoturismo y rutas guiadas en Espa\u00f1a.\" \/>\n<meta property=\"og:url\" content=\"https:\/\/wildlifeexperiencespain.com\/es\/experiencias-avistamiento-de-fauna-en-espana\/\" \/>\n<meta property=\"og:site_name\" content=\"Wildlife Experience in Spain. Wildlife Sighting in Spain\" \/>\n<meta property=\"article:modified_time\" content=\"2024-12-26T16:20:30+00:00\" \/>\n<meta property=\"og:image\" content=\"https:\/\/wildlifeexperiencespain.com\/wp-content\/uploads\/2024\/10\/wildlife-viewing-spain-sites-to-see-animals-in-spain-3.jpg\" \/>\n\t<meta property=\"og:image:width\" content=\"1200\" \/>\n\t<meta property=\"og:image:height\" content=\"800\" \/>\n\t<meta property=\"og:image:type\" content=\"image\/jpeg\" \/>\n<meta name=\"twitter:card\" content=\"summary_large_image\" \/>\n<meta name=\"twitter:label1\" content=\"Tiempo de lectura\" \/>\n\t<meta name=\"twitter:data1\" content=\"2 minutos\" \/>\n<script type=\"application\/ld+json\" class=\"yoast-schema-graph\">{\"@context\":\"https:\\\/\\\/schema.org\",\"@graph\":[{\"@type\":\"WebPage\",\"@id\":\"https:\\\/\\\/wildlifeexperiencespain.com\\\/es\\\/experiencias-avistamiento-de-fauna-en-espana\\\/\",\"url\":\"https:\\\/\\\/wildlifeexperiencespain.com\\\/es\\\/experiencias-avistamiento-de-fauna-en-espana\\\/\",\"name\":\"Experiencias Avistamiento de Fauna en Espa\u00f1a - Safaris fotogr\u00e1ficos en Espa\u00f1a\",\"isPartOf\":{\"@id\":\"https:\\\/\\\/wildlifeexperiencespain.com\\\/es\\\/#website\"},\"primaryImageOfPage\":{\"@id\":\"https:\\\/\\\/wildlifeexperiencespain.com\\\/es\\\/experiencias-avistamiento-de-fauna-en-espana\\\/#primaryimage\"},\"image\":{\"@id\":\"https:\\\/\\\/wildlifeexperiencespain.com\\\/es\\\/experiencias-avistamiento-de-fauna-en-espana\\\/#primaryimage\"},\"thumbnailUrl\":\"https:\\\/\\\/wildlifeexperiencespain.com\\\/wp-content\\\/uploads\\\/2024\\\/10\\\/wildlife-viewing-spain-sites-to-see-animals-in-spain-3.jpg\",\"datePublished\":\"2024-11-18T12:11:19+00:00\",\"dateModified\":\"2024-12-26T16:20:30+00:00\",\"description\":\"Safaris fotogr\u00e1ficos en Espa\u00f1a. Avistamiento de animales en Espa\u00f1a, Observaci\u00f3n de fauna salvaje en Espa\u00f1a, Ecoturismo y rutas guiadas en Espa\u00f1a.\",\"breadcrumb\":{\"@id\":\"https:\\\/\\\/wildlifeexperiencespain.com\\\/es\\\/experiencias-avistamiento-de-fauna-en-espana\\\/#breadcrumb\"},\"inLanguage\":\"es\",\"potentialAction\":[{\"@type\":\"ReadAction\",\"target\":[\"https:\\\/\\\/wildlifeexperiencespain.com\\\/es\\\/experiencias-avistamiento-de-fauna-en-espana\\\/\"]}]},{\"@type\":\"ImageObject\",\"inLanguage\":\"es\",\"@id\":\"https:\\\/\\\/wildlifeexperiencespain.com\\\/es\\\/experiencias-avistamiento-de-fauna-en-espana\\\/#primaryimage\",\"url\":\"https:\\\/\\\/wildlifeexperiencespain.com\\\/wp-content\\\/uploads\\\/2024\\\/10\\\/wildlife-viewing-spain-sites-to-see-animals-in-spain-3.jpg\",\"contentUrl\":\"https:\\\/\\\/wildlifeexperiencespain.com\\\/wp-content\\\/uploads\\\/2024\\\/10\\\/wildlife-viewing-spain-sites-to-see-animals-in-spain-3.jpg\",\"width\":1200,\"height\":800},{\"@type\":\"BreadcrumbList\",\"@id\":\"https:\\\/\\\/wildlifeexperiencespain.com\\\/es\\\/experiencias-avistamiento-de-fauna-en-espana\\\/#breadcrumb\",\"itemListElement\":[{\"@type\":\"ListItem\",\"position\":1,\"name\":\"Portada\",\"item\":\"https:\\\/\\\/wildlifeexperiencespain.com\\\/es\\\/experiencia-de-vida-salvaje-en-espana\\\/\"},{\"@type\":\"ListItem\",\"position\":2,\"name\":\"EXPERIENCIAS Avistamiento de Fauna en Espa\u00f1a\"}]},{\"@type\":\"WebSite\",\"@id\":\"https:\\\/\\\/wildlifeexperiencespain.com\\\/es\\\/#website\",\"url\":\"https:\\\/\\\/wildlifeexperiencespain.com\\\/es\\\/\",\"name\":\"Wildlife Experience in Spain. Wildlife Sighting in Spain\",\"description\":\"Animals Sighting in Spain, Wildlife Watching in Spain, Gredos ibex Sighting in Spain, Specialist in Nature trips in Spain.\",\"potentialAction\":[{\"@type\":\"SearchAction\",\"target\":{\"@type\":\"EntryPoint\",\"urlTemplate\":\"https:\\\/\\\/wildlifeexperiencespain.com\\\/es\\\/?s={search_term_string}\"},\"query-input\":{\"@type\":\"PropertyValueSpecification\",\"valueRequired\":true,\"valueName\":\"search_term_string\"}}],\"inLanguage\":\"es\"}]}<\/script>\n<!-- \/ Yoast SEO plugin. -->","yoast_head_json":{"title":"Experiencias Avistamiento de Fauna en Espa\u00f1a - Safaris fotogr\u00e1ficos en Espa\u00f1a","description":"Safaris fotogr\u00e1ficos en Espa\u00f1a. Avistamiento de animales en Espa\u00f1a, Observaci\u00f3n de fauna salvaje en Espa\u00f1a, Ecoturismo y rutas guiadas en Espa\u00f1a.","robots":{"index":"index","follow":"follow","max-snippet":"max-snippet:-1","max-image-preview":"max-image-preview:large","max-video-preview":"max-video-preview:-1"},"canonical":"https:\/\/wildlifeexperiencespain.com\/es\/experiencias-avistamiento-de-fauna-en-espana\/","og_locale":"es_ES","og_type":"article","og_title":"Experiencias Avistamiento de Fauna en Espa\u00f1a - Safaris fotogr\u00e1ficos en Espa\u00f1a","og_description":"Safaris fotogr\u00e1ficos en Espa\u00f1a. Avistamiento de animales en Espa\u00f1a, Observaci\u00f3n de fauna salvaje en Espa\u00f1a, Ecoturismo y rutas guiadas en Espa\u00f1a.","og_url":"https:\/\/wildlifeexperiencespain.com\/es\/experiencias-avistamiento-de-fauna-en-espana\/","og_site_name":"Wildlife Experience in Spain. Wildlife Sighting in Spain","article_modified_time":"2024-12-26T16:20:30+00:00","og_image":[{"width":1200,"height":800,"url":"https:\/\/wildlifeexperiencespain.com\/wp-content\/uploads\/2024\/10\/wildlife-viewing-spain-sites-to-see-animals-in-spain-3.jpg","type":"image\/jpeg"}],"twitter_card":"summary_large_image","twitter_misc":{"Tiempo de lectura":"2 minutos"},"schema":{"@context":"https:\/\/schema.org","@graph":[{"@type":"WebPage","@id":"https:\/\/wildlifeexperiencespain.com\/es\/experiencias-avistamiento-de-fauna-en-espana\/","url":"https:\/\/wildlifeexperiencespain.com\/es\/experiencias-avistamiento-de-fauna-en-espana\/","name":"Experiencias Avistamiento de Fauna en Espa\u00f1a - Safaris fotogr\u00e1ficos en Espa\u00f1a","isPartOf":{"@id":"https:\/\/wildlifeexperiencespain.com\/es\/#website"},"primaryImageOfPage":{"@id":"https:\/\/wildlifeexperiencespain.com\/es\/experiencias-avistamiento-de-fauna-en-espana\/#primaryimage"},"image":{"@id":"https:\/\/wildlifeexperiencespain.com\/es\/experiencias-avistamiento-de-fauna-en-espana\/#primaryimage"},"thumbnailUrl":"https:\/\/wildlifeexperiencespain.com\/wp-content\/uploads\/2024\/10\/wildlife-viewing-spain-sites-to-see-animals-in-spain-3.jpg","datePublished":"2024-11-18T12:11:19+00:00","dateModified":"2024-12-26T16:20:30+00:00","description":"Safaris fotogr\u00e1ficos en Espa\u00f1a. Avistamiento de animales en Espa\u00f1a, Observaci\u00f3n de fauna salvaje en Espa\u00f1a, Ecoturismo y rutas guiadas en Espa\u00f1a.","breadcrumb":{"@id":"https:\/\/wildlifeexperiencespain.com\/es\/experiencias-avistamiento-de-fauna-en-espana\/#breadcrumb"},"inLanguage":"es","potentialAction":[{"@type":"ReadAction","target":["https:\/\/wildlifeexperiencespain.com\/es\/experiencias-avistamiento-de-fauna-en-espana\/"]}]},{"@type":"ImageObject","inLanguage":"es","@id":"https:\/\/wildlifeexperiencespain.com\/es\/experiencias-avistamiento-de-fauna-en-espana\/#primaryimage","url":"https:\/\/wildlifeexperiencespain.com\/wp-content\/uploads\/2024\/10\/wildlife-viewing-spain-sites-to-see-animals-in-spain-3.jpg","contentUrl":"https:\/\/wildlifeexperiencespain.com\/wp-content\/uploads\/2024\/10\/wildlife-viewing-spain-sites-to-see-animals-in-spain-3.jpg","width":1200,"height":800},{"@type":"BreadcrumbList","@id":"https:\/\/wildlifeexperiencespain.com\/es\/experiencias-avistamiento-de-fauna-en-espana\/#breadcrumb","itemListElement":[{"@type":"ListItem","position":1,"name":"Portada","item":"https:\/\/wildlifeexperiencespain.com\/es\/experiencia-de-vida-salvaje-en-espana\/"},{"@type":"ListItem","position":2,"name":"EXPERIENCIAS Avistamiento de Fauna en Espa\u00f1a"}]},{"@type":"WebSite","@id":"https:\/\/wildlifeexperiencespain.com\/es\/#website","url":"https:\/\/wildlifeexperiencespain.com\/es\/","name":"Wildlife Experience in Spain. Wildlife Sighting in Spain","description":"Animals Sighting in Spain, Wildlife Watching in Spain, Gredos ibex Sighting in Spain, Specialist in Nature trips in Spain.","potentialAction":[{"@type":"SearchAction","target":{"@type":"EntryPoint","urlTemplate":"https:\/\/wildlifeexperiencespain.com\/es\/?s={search_term_string}"},"query-input":{"@type":"PropertyValueSpecification","valueRequired":true,"valueName":"search_term_string"}}],"inLanguage":"es"}]}},"_links":{"self":[{"href":"https:\/\/wildlifeexperiencespain.com\/es\/wp-json\/wp\/v2\/pages\/12563","targetHints":{"allow":["GET"]}}],"collection":[{"href":"https:\/\/wildlifeexperiencespain.com\/es\/wp-json\/wp\/v2\/pages"}],"about":[{"href":"https:\/\/wildlifeexperiencespain.com\/es\/wp-json\/wp\/v2\/types\/page"}],"author":[{"embeddable":true,"href":"https:\/\/wildlifeexperiencespain.com\/es\/wp-json\/wp\/v2\/users\/1"}],"replies":[{"embeddable":true,"href":"https:\/\/wildlifeexperiencespain.com\/es\/wp-json\/wp\/v2\/comments?post=12563"}],"version-history":[{"count":8,"href":"https:\/\/wildlifeexperiencespain.com\/es\/wp-json\/wp\/v2\/pages\/12563\/revisions"}],"predecessor-version":[{"id":12592,"href":"https:\/\/wildlifeexperiencespain.com\/es\/wp-json\/wp\/v2\/pages\/12563\/revisions\/12592"}],"wp:featuredmedia":[{"embeddable":true,"href":"https:\/\/wildlifeexperiencespain.com\/es\/wp-json\/wp\/v2\/media\/11989"}],"wp:attachment":[{"href":"https:\/\/wildlifeexperiencespain.com\/es\/wp-json\/wp\/v2\/media?parent=12563"}],"curies":[{"name":"wp","href":"https:\/\/api.w.org\/{rel}","templated":true}]}}