{"id":12542,"date":"2024-11-03T16:44:35","date_gmt":"2024-11-03T16:44:35","guid":{"rendered":"https:\/\/wildlifeexperiencespain.com\/sobre-las-experiencias-de-vida-salvaje-en-espana\/"},"modified":"2025-06-04T16:24:59","modified_gmt":"2025-06-04T16:24:59","slug":"sobre-las-experiencias-de-vida-salvaje-en-espana","status":"publish","type":"page","link":"https:\/\/wildlifeexperiencespain.com\/es\/sobre-las-experiencias-de-vida-salvaje-en-espana\/","title":{"rendered":"SOBRE LAS EXPERIENCIAS DE VIDA SALVAJE EN ESPA\u00d1A"},"content":{"rendered":"[vc_row type=\u00bbfull_width_background\u00bb full_screen_row_position=\u00bbmiddle\u00bb column_margin=\u00bbdefault\u00bb equal_height=\u00bbyes\u00bb content_placement=\u00bbmiddle\u00bb column_direction=\u00bbdefault\u00bb column_direction_tablet=\u00bbdefault\u00bb column_direction_phone=\u00bbdefault\u00bb bg_color=\u00bb#3c3c3b\u00bb bg_image=\u00bb11232&#8243; bg_position=\u00bbleft center\u00bb background_image_loading=\u00bbdefault\u00bb bg_repeat=\u00bbno-repeat\u00bb scene_position=\u00bbcenter\u00bb top_padding=\u00bb12%\u00bb bottom_padding=\u00bb7%\u00bb text_color=\u00bblight\u00bb text_align=\u00bbleft\u00bb row_border_radius=\u00bbnone\u00bb row_border_radius_applies=\u00bbbg\u00bb overflow=\u00bbvisible\u00bb color_overlay=\u00bb#3c3c3b\u00bb overlay_strength=\u00bb0.3&#8243; gradient_direction=\u00bbleft_to_right\u00bb shape_divider_position=\u00bbbottom\u00bb bg_image_animation=\u00bbnone\u00bb shape_type=\u00bb\u00bb gradient_type=\u00bbdefault\u00bb][vc_column column_padding=\u00bbno-extra-padding\u00bb column_padding_tablet=\u00bbinherit\u00bb column_padding_phone=\u00bbinherit\u00bb column_padding_position=\u00bball\u00bb column_element_direction_desktop=\u00bbdefault\u00bb column_element_spacing=\u00bbdefault\u00bb desktop_text_alignment=\u00bbdefault\u00bb tablet_text_alignment=\u00bbdefault\u00bb phone_text_alignment=\u00bbdefault\u00bb background_color_opacity=\u00bb1&#8243; background_hover_color_opacity=\u00bb1&#8243; column_backdrop_filter=\u00bbnone\u00bb column_shadow=\u00bbnone\u00bb column_border_radius=\u00bbnone\u00bb column_link_target=\u00bb_self\u00bb column_position=\u00bbdefault\u00bb gradient_direction=\u00bbleft_to_right\u00bb overlay_strength=\u00bb0.3&#8243; width=\u00bb1\/3&#8243; tablet_width_inherit=\u00bbdefault\u00bb animation_type=\u00bbdefault\u00bb bg_image_animation=\u00bbnone\u00bb border_type=\u00bbsimple\u00bb column_border_width=\u00bbnone\u00bb column_border_style=\u00bbsolid\u00bb column_padding_type=\u00bbdefault\u00bb gradient_type=\u00bbdefault\u00bb][image_with_animation image_url=\u00bb11242&#8243; image_size=\u00bbfull\u00bb animation_type=\u00bbentrance\u00bb animation=\u00bbFade In\u00bb animation_easing=\u00bbdefault\u00bb animation_movement_type=\u00bbtransform_y\u00bb hover_animation=\u00bbnone\u00bb alignment=\u00bb\u00bb border_radius=\u00bbnone\u00bb box_shadow=\u00bbnone\u00bb image_loading=\u00bbdefault\u00bb max_width=\u00bb100%\u00bb max_width_mobile=\u00bbdefault\u00bb][\/vc_column][vc_column column_padding=\u00bbpadding-3-percent\u00bb column_padding_tablet=\u00bbinherit\u00bb column_padding_phone=\u00bbinherit\u00bb column_padding_position=\u00bball\u00bb column_element_direction_desktop=\u00bbdefault\u00bb column_element_spacing=\u00bbdefault\u00bb desktop_text_alignment=\u00bbdefault\u00bb tablet_text_alignment=\u00bbdefault\u00bb phone_text_alignment=\u00bbdefault\u00bb background_color_opacity=\u00bb1&#8243; background_hover_color_opacity=\u00bb1&#8243; column_backdrop_filter=\u00bbnone\u00bb column_shadow=\u00bbnone\u00bb column_border_radius=\u00bbnone\u00bb column_link_target=\u00bb_self\u00bb column_position=\u00bbdefault\u00bb gradient_direction=\u00bbleft_to_right\u00bb overlay_strength=\u00bb0.3&#8243; width=\u00bb2\/3&#8243; tablet_width_inherit=\u00bbdefault\u00bb animation_type=\u00bbdefault\u00bb bg_image_animation=\u00bbnone\u00bb border_type=\u00bbsimple\u00bb column_border_width=\u00bbnone\u00bb column_border_style=\u00bbsolid\u00bb column_padding_type=\u00bbdefault\u00bb gradient_type=\u00bbdefault\u00bb][vc_column_text css=\u00bb.vc_custom_1730651679788{padding-right: 5% !important;}\u00bb text_direction=\u00bbdefault\u00bb]\n<h1>Pasi\u00f3n y admiraci\u00f3n por la naturaleza<\/h1>\n[\/vc_column_text][divider line_type=\u00bbNo Line\u00bb custom_height=\u00bb11&#8243;][nectar_responsive_text inherited_font_style=\u00bbdefault\u00bb font_size_desktop=\u00bb18&#8243; font_line_height=\u00bb27px\u00bb text_direction=\u00bbdefault\u00bb]<span lang=\"EN-US\">Wildlife Experience Spain naci\u00f3 de nuestra profunda pasi\u00f3n y admiraci\u00f3n por la naturaleza. Con a\u00f1os de experiencia en el sector tur\u00edstico, decidimos canalizar nuestro entusiasmo hacia el ecoturismo, ofreciendo un amplio abanico de experiencias como observaci\u00f3n de fauna salvaje, observaci\u00f3n de aves, senderismo, trekking, acampada, rafting, barranquismo, rutas a caballo,&#8230;  <\/span><\/p>\n<p><span lang=\"EN-US\">Te proporcionamos todo lo que necesitas para estas aventuras, desde la planificaci\u00f3n completa del viaje y el alquiler del equipo hasta cualquier otro servicio que puedas necesitar. Nuestro equipo de alta gama, que incluye los \u00faltimos telescopios, prism\u00e1ticos, prism\u00e1ticos t\u00e9rmicos y c\u00e1maras, garantiza que puedas capturar y apreciar cada momento. Tambi\u00e9n suministramos todos los accesorios esenciales, como tiendas de campa\u00f1a y sacos de dormir, para que tu experiencia sea tan c\u00f3moda como emocionante.  <\/span>[\/nectar_responsive_text][\/vc_column][\/vc_row][vc_row type=\u00bbfull_width_background\u00bb full_screen_row_position=\u00bbmiddle\u00bb column_margin=\u00bbdefault\u00bb equal_height=\u00bbyes\u00bb content_placement=\u00bbmiddle\u00bb column_direction=\u00bbdefault\u00bb column_direction_tablet=\u00bbdefault\u00bb column_direction_phone=\u00bbdefault\u00bb bg_color=\u00bb#ffffff\u00bb scene_position=\u00bbcenter\u00bb top_padding=\u00bb5%\u00bb constrain_group_1=\u00bbyes\u00bb bottom_padding=\u00bb5%\u00bb text_color=\u00bbdark\u00bb text_align=\u00bbleft\u00bb row_border_radius=\u00bbnone\u00bb row_border_radius_applies=\u00bbbg\u00bb overflow=\u00bbvisible\u00bb overlay_strength=\u00bb0.5&#8243; gradient_direction=\u00bbleft_to_right\u00bb shape_divider_position=\u00bbbottom\u00bb bg_image_animation=\u00bbnone\u00bb shape_type=\u00bb\u00bb gradient_type=\u00bbdefault\u00bb][vc_column column_padding=\u00bbpadding-4-percent\u00bb column_padding_tablet=\u00bbinherit\u00bb column_padding_phone=\u00bbno-extra-padding\u00bb column_padding_position=\u00bball\u00bb top_margin_phone=\u00bb33&#8243; column_element_direction_desktop=\u00bbdefault\u00bb column_element_spacing=\u00bbdefault\u00bb desktop_text_alignment=\u00bbdefault\u00bb tablet_text_alignment=\u00bbdefault\u00bb phone_text_alignment=\u00bbdefault\u00bb background_color_opacity=\u00bb1&#8243; background_hover_color_opacity=\u00bb1&#8243; column_backdrop_filter=\u00bbnone\u00bb column_shadow=\u00bbnone\u00bb column_border_radius=\u00bbnone\u00bb column_link_target=\u00bb_self\u00bb column_position=\u00bbdefault\u00bb gradient_direction=\u00bbleft_to_right\u00bb overlay_strength=\u00bb0.3&#8243; width=\u00bb1\/2&#8243; tablet_width_inherit=\u00bbdefault\u00bb animation_type=\u00bbdefault\u00bb bg_image_animation=\u00bbnone\u00bb border_type=\u00bbsimple\u00bb column_border_width=\u00bbnone\u00bb column_border_style=\u00bbsolid\u00bb column_padding_type=\u00bbdefault\u00bb gradient_type=\u00bbdefault\u00bb][split_line_heading animation_type=\u00bbline-reveal-by-space\u00bb font_style=\u00bbh2&#8243; text_color=\u00bb#96931e\u00bb line_reveal_by_space_text_effect=\u00bbdefault\u00bb content_alignment=\u00bbdefault\u00bb mobile_content_alignment=\u00bbinherit\u00bb link_target=\u00bb_self\u00bb text_content=\u00bbMundo Natural\u00bb font_size=\u00bb30&#8243; text_direction=\u00bbdefault\u00bb][\/split_line_heading][divider line_type=\u00bbNo Line\u00bb custom_height=\u00bb11&#8243;][nectar_responsive_text inherited_font_style=\u00bbdefault\u00bb font_size_desktop=\u00bb18&#8243; font_line_height=\u00bb27px\u00bb text_direction=\u00bbdefault\u00bb]<span lang=\"EN-US\">Nuestro profundo conocimiento de los paisajes, la fauna, los alojamientos, los refugios y los restaurantes de Espa\u00f1a garantiza que cada experiencia con Wildlife Experience Spain no s\u00f3lo sea satisfactoria, sino realmente inolvidable.  <\/span><\/p>\n<p><span lang=\"EN-US\">Combinamos esto con un fuerte compromiso con la conservaci\u00f3n y la educaci\u00f3n medioambiental, garantizando que tu aventura tambi\u00e9n contribuya a proteger el mundo natural.<\/span>[\/nectar_responsive_text][\/vc_column][vc_column column_padding=\u00bbno-extra-padding\u00bb column_padding_tablet=\u00bbinherit\u00bb column_padding_phone=\u00bbinherit\u00bb column_padding_position=\u00bball\u00bb bottom_margin_phone=\u00bb33&#8243; column_element_direction_desktop=\u00bbdefault\u00bb column_element_spacing=\u00bbdefault\u00bb desktop_text_alignment=\u00bbdefault\u00bb tablet_text_alignment=\u00bbdefault\u00bb phone_text_alignment=\u00bbdefault\u00bb background_color_opacity=\u00bb1&#8243; background_hover_color_opacity=\u00bb1&#8243; column_backdrop_filter=\u00bbnone\u00bb column_shadow=\u00bbnone\u00bb column_border_radius=\u00bbnone\u00bb column_link_target=\u00bb_self\u00bb column_position=\u00bbdefault\u00bb gradient_direction=\u00bbleft_to_right\u00bb overlay_strength=\u00bb0.3&#8243; width=\u00bb1\/2&#8243; tablet_width_inherit=\u00bbdefault\u00bb animation_type=\u00bbdefault\u00bb bg_image_animation=\u00bbnone\u00bb border_type=\u00bbsimple\u00bb column_border_width=\u00bbnone\u00bb column_border_style=\u00bbsolid\u00bb column_padding_type=\u00bbdefault\u00bb gradient_type=\u00bbdefault\u00bb][image_with_animation image_url=\u00bb11105&#8243; image_size=\u00bbfull\u00bb animation_type=\u00bbentrance\u00bb animation=\u00bbFade In\u00bb animation_easing=\u00bbdefault\u00bb animation_movement_type=\u00bbtransform_y\u00bb hover_animation=\u00bbnone\u00bb alignment=\u00bb\u00bb border_radius=\u00bbnone\u00bb box_shadow=\u00bbnone\u00bb image_loading=\u00bbdefault\u00bb max_width=\u00bb100%\u00bb max_width_mobile=\u00bbdefault\u00bb][\/vc_column][\/vc_row][vc_row type=\u00bbfull_width_background\u00bb full_screen_row_position=\u00bbmiddle\u00bb column_margin=\u00bbdefault\u00bb equal_height=\u00bbyes\u00bb content_placement=\u00bbmiddle\u00bb column_direction=\u00bbdefault\u00bb column_direction_tablet=\u00bbdefault\u00bb column_direction_phone=\u00bbdefault\u00bb bg_color=\u00bb#f2f2f2&#8243; scene_position=\u00bbcenter\u00bb top_padding=\u00bb5%\u00bb constrain_group_1=\u00bbyes\u00bb bottom_padding=\u00bb5%\u00bb top_padding_phone=\u00bb15%\u00bb constrain_group_5=\u00bbyes\u00bb bottom_padding_phone=\u00bb15%\u00bb text_color=\u00bbdark\u00bb text_align=\u00bbleft\u00bb row_border_radius=\u00bbnone\u00bb row_border_radius_applies=\u00bbbg\u00bb overflow=\u00bbvisible\u00bb overlay_strength=\u00bb0.5&#8243; gradient_direction=\u00bbleft_to_right\u00bb shape_divider_position=\u00bbbottom\u00bb bg_image_animation=\u00bbnone\u00bb shape_type=\u00bb\u00bb gradient_type=\u00bbdefault\u00bb][vc_column column_padding=\u00bbno-extra-padding\u00bb column_padding_tablet=\u00bbinherit\u00bb column_padding_phone=\u00bbinherit\u00bb column_padding_position=\u00bbtop\u00bb bottom_margin_phone=\u00bb33&#8243; column_element_direction_desktop=\u00bbdefault\u00bb column_element_spacing=\u00bbdefault\u00bb desktop_text_alignment=\u00bbdefault\u00bb tablet_text_alignment=\u00bbdefault\u00bb phone_text_alignment=\u00bbdefault\u00bb background_color_opacity=\u00bb1&#8243; background_hover_color_opacity=\u00bb1&#8243; column_backdrop_filter=\u00bbnone\u00bb column_shadow=\u00bbnone\u00bb column_border_radius=\u00bbnone\u00bb column_link_target=\u00bb_self\u00bb column_position=\u00bbdefault\u00bb gradient_direction=\u00bbleft_to_right\u00bb overlay_strength=\u00bb0.3&#8243; width=\u00bb1\/2&#8243; tablet_width_inherit=\u00bbdefault\u00bb animation_type=\u00bbdefault\u00bb bg_image_animation=\u00bbnone\u00bb border_type=\u00bbsimple\u00bb column_border_width=\u00bbnone\u00bb column_border_style=\u00bbsolid\u00bb column_padding_type=\u00bbdefault\u00bb gradient_type=\u00bbdefault\u00bb][image_with_animation image_url=\u00bb11794&#8243; image_size=\u00bbfull\u00bb animation_type=\u00bbentrance\u00bb animation=\u00bbFade In\u00bb animation_easing=\u00bbdefault\u00bb animation_movement_type=\u00bbtransform_y\u00bb hover_animation=\u00bbnone\u00bb alignment=\u00bbcenter\u00bb img_link_large=\u00bbyes\u00bb border_radius=\u00bbnone\u00bb box_shadow=\u00bbnone\u00bb image_loading=\u00bbdefault\u00bb max_width=\u00bb100%\u00bb max_width_mobile=\u00bbdefault\u00bb][\/vc_column][vc_column column_padding=\u00bbpadding-4-percent\u00bb column_padding_tablet=\u00bbinherit\u00bb column_padding_phone=\u00bbno-extra-padding\u00bb column_padding_position=\u00bball\u00bb top_margin_phone=\u00bb33&#8243; column_element_direction_desktop=\u00bbdefault\u00bb column_element_spacing=\u00bbdefault\u00bb desktop_text_alignment=\u00bbdefault\u00bb tablet_text_alignment=\u00bbdefault\u00bb phone_text_alignment=\u00bbdefault\u00bb background_color_opacity=\u00bb1&#8243; background_hover_color_opacity=\u00bb1&#8243; column_backdrop_filter=\u00bbnone\u00bb column_shadow=\u00bbnone\u00bb column_border_radius=\u00bbnone\u00bb column_link_target=\u00bb_self\u00bb column_position=\u00bbdefault\u00bb gradient_direction=\u00bbleft_to_right\u00bb overlay_strength=\u00bb0.3&#8243; width=\u00bb1\/2&#8243; tablet_width_inherit=\u00bbdefault\u00bb animation_type=\u00bbdefault\u00bb bg_image_animation=\u00bbnone\u00bb border_type=\u00bbsimple\u00bb column_border_width=\u00bbnone\u00bb column_border_style=\u00bbsolid\u00bb column_padding_type=\u00bbdefault\u00bb gradient_type=\u00bbdefault\u00bb][split_line_heading animation_type=\u00bbline-reveal-by-space\u00bb font_style=\u00bbh3&#8243; text_color=\u00bb#96931e\u00bb line_reveal_by_space_text_effect=\u00bbdefault\u00bb content_alignment=\u00bbdefault\u00bb mobile_content_alignment=\u00bbinherit\u00bb link_target=\u00bb_self\u00bb text_content=\u00bbAlfonso, Director General y Fundador:\u00bb font_size=\u00bb24&#8243; text_direction=\u00bbdefault\u00bb][\/split_line_heading][divider line_type=\u00bbNo Line\u00bb custom_height=\u00bb11&#8243;][nectar_responsive_text inherited_font_style=\u00bbdefault\u00bb font_size_desktop=\u00bb18&#8243; font_line_height=\u00bb27px\u00bb text_direction=\u00bbdefault\u00bb]Soy licenciada en Administraci\u00f3n y Direcci\u00f3n de Empresas, as\u00ed como MBA. Tras finalizar mis estudios, puse en marcha mi propia empresa de turismo. <\/p>\n<p>Cuatro a\u00f1os despu\u00e9s, decid\u00ed aprovechar la valiosa experiencia y el \u00e9xito adquiridos durante este viaje para proporcionarte experiencias de turismo rural sin igual y profundas conexiones con la naturaleza.[\/nectar_responsive_text][\/vc_column][\/vc_row]\n","protected":false},"excerpt":{"rendered":"<p>[vc_row type=\u00bbfull_width_background\u00bb full_screen_row_position=\u00bbmiddle\u00bb column_margin=\u00bbdefault\u00bb equal_height=\u00bbyes\u00bb content_placement=\u00bbmiddle\u00bb column_direction=\u00bbdefault\u00bb column_direction_tablet=\u00bbdefault\u00bb column_direction_phone=\u00bbdefault\u00bb bg_color=\u00bb#3c3c3b\u00bb bg_image=\u00bb11232&#8243; bg_position=\u00bbleft center\u00bb background_image_loading=\u00bbdefault\u00bb bg_repeat=\u00bbno-repeat\u00bb scene_position=\u00bbcenter\u00bb top_padding=\u00bb12%\u00bb bottom_padding=\u00bb7%\u00bb text_color=\u00bblight\u00bb text_align=\u00bbleft\u00bb row_border_radius=\u00bbnone\u00bb row_border_radius_applies=\u00bbbg\u00bb overflow=\u00bbvisible\u00bb color_overlay=\u00bb#3c3c3b\u00bb overlay_strength=\u00bb0.3&#8243;&#8230;<\/p>\n","protected":false},"author":1,"featured_media":12055,"parent":0,"menu_order":0,"comment_status":"closed","ping_status":"closed","template":"","meta":{"footnotes":""},"class_list":["post-12542","page","type-page","status-publish","has-post-thumbnail"],"yoast_head":"<!-- This site is optimized with the Yoast SEO plugin v27.4 - https:\/\/yoast.com\/product\/yoast-seo-wordpress\/ -->\n<title>Wildlife Experience Espa\u00f1a. Observaci\u00f3n de fauna salvaje en Espa\u00f1a. Safaris en Espa\u00f1a<\/title>\n<meta name=\"description\" content=\"Ofrecemos algo m\u00e1s que observaci\u00f3n de fauna salvaje en Espa\u00f1a - Wildlife Experience Spain. Las mejores experiencias de ecoturismo en la naturaleza y observaci\u00f3n de fauna salvaje en Espa\u00f1a. Viajes de naturaleza en Espa\u00f1a.\" \/>\n<meta name=\"robots\" content=\"index, follow, max-snippet:-1, max-image-preview:large, max-video-preview:-1\" \/>\n<link rel=\"canonical\" href=\"https:\/\/wildlifeexperiencespain.com\/es\/sobre-las-experiencias-de-vida-salvaje-en-espana\/\" \/>\n<meta property=\"og:locale\" content=\"es_ES\" \/>\n<meta property=\"og:type\" content=\"article\" \/>\n<meta property=\"og:title\" content=\"Wildlife Experience Espa\u00f1a. Observaci\u00f3n de fauna salvaje en Espa\u00f1a. Safaris en Espa\u00f1a\" \/>\n<meta property=\"og:description\" content=\"Ofrecemos algo m\u00e1s que observaci\u00f3n de fauna salvaje en Espa\u00f1a - Wildlife Experience Spain. Las mejores experiencias de ecoturismo en la naturaleza y observaci\u00f3n de fauna salvaje en Espa\u00f1a. Viajes de naturaleza en Espa\u00f1a.\" \/>\n<meta property=\"og:url\" content=\"https:\/\/wildlifeexperiencespain.com\/es\/sobre-las-experiencias-de-vida-salvaje-en-espana\/\" \/>\n<meta property=\"og:site_name\" content=\"Wildlife Experience in Spain. Wildlife Sighting in Spain\" \/>\n<meta property=\"article:modified_time\" content=\"2025-06-04T16:24:59+00:00\" \/>\n<meta property=\"og:image\" content=\"https:\/\/wildlifeexperiencespain.com\/wp-content\/uploads\/2024\/11\/nature-trips-spain-gredos-5.jpg\" \/>\n\t<meta property=\"og:image:width\" content=\"1920\" \/>\n\t<meta property=\"og:image:height\" content=\"1000\" \/>\n\t<meta property=\"og:image:type\" content=\"image\/jpeg\" \/>\n<meta name=\"twitter:card\" content=\"summary_large_image\" \/>\n<meta name=\"twitter:label1\" content=\"Tiempo de lectura\" \/>\n\t<meta name=\"twitter:data1\" content=\"7 minutos\" \/>\n<script type=\"application\/ld+json\" class=\"yoast-schema-graph\">{\"@context\":\"https:\\\/\\\/schema.org\",\"@graph\":[{\"@type\":\"WebPage\",\"@id\":\"https:\\\/\\\/wildlifeexperiencespain.com\\\/es\\\/sobre-las-experiencias-de-vida-salvaje-en-espana\\\/\",\"url\":\"https:\\\/\\\/wildlifeexperiencespain.com\\\/es\\\/sobre-las-experiencias-de-vida-salvaje-en-espana\\\/\",\"name\":\"Wildlife Experience Espa\u00f1a. Observaci\u00f3n de fauna salvaje en Espa\u00f1a. Safaris en Espa\u00f1a\",\"isPartOf\":{\"@id\":\"https:\\\/\\\/wildlifeexperiencespain.com\\\/es\\\/#website\"},\"primaryImageOfPage\":{\"@id\":\"https:\\\/\\\/wildlifeexperiencespain.com\\\/es\\\/sobre-las-experiencias-de-vida-salvaje-en-espana\\\/#primaryimage\"},\"image\":{\"@id\":\"https:\\\/\\\/wildlifeexperiencespain.com\\\/es\\\/sobre-las-experiencias-de-vida-salvaje-en-espana\\\/#primaryimage\"},\"thumbnailUrl\":\"https:\\\/\\\/wildlifeexperiencespain.com\\\/wp-content\\\/uploads\\\/2024\\\/11\\\/nature-trips-spain-gredos-5.jpg\",\"datePublished\":\"2024-11-03T16:44:35+00:00\",\"dateModified\":\"2025-06-04T16:24:59+00:00\",\"description\":\"Ofrecemos algo m\u00e1s que observaci\u00f3n de fauna salvaje en Espa\u00f1a - Wildlife Experience Spain. Las mejores experiencias de ecoturismo en la naturaleza y observaci\u00f3n de fauna salvaje en Espa\u00f1a. Viajes de naturaleza en Espa\u00f1a.\",\"breadcrumb\":{\"@id\":\"https:\\\/\\\/wildlifeexperiencespain.com\\\/es\\\/sobre-las-experiencias-de-vida-salvaje-en-espana\\\/#breadcrumb\"},\"inLanguage\":\"es\",\"potentialAction\":[{\"@type\":\"ReadAction\",\"target\":[\"https:\\\/\\\/wildlifeexperiencespain.com\\\/es\\\/sobre-las-experiencias-de-vida-salvaje-en-espana\\\/\"]}]},{\"@type\":\"ImageObject\",\"inLanguage\":\"es\",\"@id\":\"https:\\\/\\\/wildlifeexperiencespain.com\\\/es\\\/sobre-las-experiencias-de-vida-salvaje-en-espana\\\/#primaryimage\",\"url\":\"https:\\\/\\\/wildlifeexperiencespain.com\\\/wp-content\\\/uploads\\\/2024\\\/11\\\/nature-trips-spain-gredos-5.jpg\",\"contentUrl\":\"https:\\\/\\\/wildlifeexperiencespain.com\\\/wp-content\\\/uploads\\\/2024\\\/11\\\/nature-trips-spain-gredos-5.jpg\",\"width\":1920,\"height\":1000},{\"@type\":\"BreadcrumbList\",\"@id\":\"https:\\\/\\\/wildlifeexperiencespain.com\\\/es\\\/sobre-las-experiencias-de-vida-salvaje-en-espana\\\/#breadcrumb\",\"itemListElement\":[{\"@type\":\"ListItem\",\"position\":1,\"name\":\"Portada\",\"item\":\"https:\\\/\\\/wildlifeexperiencespain.com\\\/es\\\/experiencia-de-vida-salvaje-en-espana\\\/\"},{\"@type\":\"ListItem\",\"position\":2,\"name\":\"SOBRE LAS EXPERIENCIAS DE VIDA SALVAJE EN ESPA\u00d1A\"}]},{\"@type\":\"WebSite\",\"@id\":\"https:\\\/\\\/wildlifeexperiencespain.com\\\/es\\\/#website\",\"url\":\"https:\\\/\\\/wildlifeexperiencespain.com\\\/es\\\/\",\"name\":\"Wildlife Experience in Spain. Wildlife Sighting in Spain\",\"description\":\"Animals Sighting in Spain, Wildlife Watching in Spain, Gredos ibex Sighting in Spain, Specialist in Nature trips in Spain.\",\"potentialAction\":[{\"@type\":\"SearchAction\",\"target\":{\"@type\":\"EntryPoint\",\"urlTemplate\":\"https:\\\/\\\/wildlifeexperiencespain.com\\\/es\\\/?s={search_term_string}\"},\"query-input\":{\"@type\":\"PropertyValueSpecification\",\"valueRequired\":true,\"valueName\":\"search_term_string\"}}],\"inLanguage\":\"es\"}]}<\/script>\n<!-- \/ Yoast SEO plugin. -->","yoast_head_json":{"title":"Wildlife Experience Espa\u00f1a. Observaci\u00f3n de fauna salvaje en Espa\u00f1a. Safaris en Espa\u00f1a","description":"Ofrecemos algo m\u00e1s que observaci\u00f3n de fauna salvaje en Espa\u00f1a - Wildlife Experience Spain. Las mejores experiencias de ecoturismo en la naturaleza y observaci\u00f3n de fauna salvaje en Espa\u00f1a. Viajes de naturaleza en Espa\u00f1a.","robots":{"index":"index","follow":"follow","max-snippet":"max-snippet:-1","max-image-preview":"max-image-preview:large","max-video-preview":"max-video-preview:-1"},"canonical":"https:\/\/wildlifeexperiencespain.com\/es\/sobre-las-experiencias-de-vida-salvaje-en-espana\/","og_locale":"es_ES","og_type":"article","og_title":"Wildlife Experience Espa\u00f1a. Observaci\u00f3n de fauna salvaje en Espa\u00f1a. Safaris en Espa\u00f1a","og_description":"Ofrecemos algo m\u00e1s que observaci\u00f3n de fauna salvaje en Espa\u00f1a - Wildlife Experience Spain. Las mejores experiencias de ecoturismo en la naturaleza y observaci\u00f3n de fauna salvaje en Espa\u00f1a. Viajes de naturaleza en Espa\u00f1a.","og_url":"https:\/\/wildlifeexperiencespain.com\/es\/sobre-las-experiencias-de-vida-salvaje-en-espana\/","og_site_name":"Wildlife Experience in Spain. Wildlife Sighting in Spain","article_modified_time":"2025-06-04T16:24:59+00:00","og_image":[{"width":1920,"height":1000,"url":"https:\/\/wildlifeexperiencespain.com\/wp-content\/uploads\/2024\/11\/nature-trips-spain-gredos-5.jpg","type":"image\/jpeg"}],"twitter_card":"summary_large_image","twitter_misc":{"Tiempo de lectura":"7 minutos"},"schema":{"@context":"https:\/\/schema.org","@graph":[{"@type":"WebPage","@id":"https:\/\/wildlifeexperiencespain.com\/es\/sobre-las-experiencias-de-vida-salvaje-en-espana\/","url":"https:\/\/wildlifeexperiencespain.com\/es\/sobre-las-experiencias-de-vida-salvaje-en-espana\/","name":"Wildlife Experience Espa\u00f1a. Observaci\u00f3n de fauna salvaje en Espa\u00f1a. Safaris en Espa\u00f1a","isPartOf":{"@id":"https:\/\/wildlifeexperiencespain.com\/es\/#website"},"primaryImageOfPage":{"@id":"https:\/\/wildlifeexperiencespain.com\/es\/sobre-las-experiencias-de-vida-salvaje-en-espana\/#primaryimage"},"image":{"@id":"https:\/\/wildlifeexperiencespain.com\/es\/sobre-las-experiencias-de-vida-salvaje-en-espana\/#primaryimage"},"thumbnailUrl":"https:\/\/wildlifeexperiencespain.com\/wp-content\/uploads\/2024\/11\/nature-trips-spain-gredos-5.jpg","datePublished":"2024-11-03T16:44:35+00:00","dateModified":"2025-06-04T16:24:59+00:00","description":"Ofrecemos algo m\u00e1s que observaci\u00f3n de fauna salvaje en Espa\u00f1a - Wildlife Experience Spain. Las mejores experiencias de ecoturismo en la naturaleza y observaci\u00f3n de fauna salvaje en Espa\u00f1a. Viajes de naturaleza en Espa\u00f1a.","breadcrumb":{"@id":"https:\/\/wildlifeexperiencespain.com\/es\/sobre-las-experiencias-de-vida-salvaje-en-espana\/#breadcrumb"},"inLanguage":"es","potentialAction":[{"@type":"ReadAction","target":["https:\/\/wildlifeexperiencespain.com\/es\/sobre-las-experiencias-de-vida-salvaje-en-espana\/"]}]},{"@type":"ImageObject","inLanguage":"es","@id":"https:\/\/wildlifeexperiencespain.com\/es\/sobre-las-experiencias-de-vida-salvaje-en-espana\/#primaryimage","url":"https:\/\/wildlifeexperiencespain.com\/wp-content\/uploads\/2024\/11\/nature-trips-spain-gredos-5.jpg","contentUrl":"https:\/\/wildlifeexperiencespain.com\/wp-content\/uploads\/2024\/11\/nature-trips-spain-gredos-5.jpg","width":1920,"height":1000},{"@type":"BreadcrumbList","@id":"https:\/\/wildlifeexperiencespain.com\/es\/sobre-las-experiencias-de-vida-salvaje-en-espana\/#breadcrumb","itemListElement":[{"@type":"ListItem","position":1,"name":"Portada","item":"https:\/\/wildlifeexperiencespain.com\/es\/experiencia-de-vida-salvaje-en-espana\/"},{"@type":"ListItem","position":2,"name":"SOBRE LAS EXPERIENCIAS DE VIDA SALVAJE EN ESPA\u00d1A"}]},{"@type":"WebSite","@id":"https:\/\/wildlifeexperiencespain.com\/es\/#website","url":"https:\/\/wildlifeexperiencespain.com\/es\/","name":"Wildlife Experience in Spain. Wildlife Sighting in Spain","description":"Animals Sighting in Spain, Wildlife Watching in Spain, Gredos ibex Sighting in Spain, Specialist in Nature trips in Spain.","potentialAction":[{"@type":"SearchAction","target":{"@type":"EntryPoint","urlTemplate":"https:\/\/wildlifeexperiencespain.com\/es\/?s={search_term_string}"},"query-input":{"@type":"PropertyValueSpecification","valueRequired":true,"valueName":"search_term_string"}}],"inLanguage":"es"}]}},"_links":{"self":[{"href":"https:\/\/wildlifeexperiencespain.com\/es\/wp-json\/wp\/v2\/pages\/12542","targetHints":{"allow":["GET"]}}],"collection":[{"href":"https:\/\/wildlifeexperiencespain.com\/es\/wp-json\/wp\/v2\/pages"}],"about":[{"href":"https:\/\/wildlifeexperiencespain.com\/es\/wp-json\/wp\/v2\/types\/page"}],"author":[{"embeddable":true,"href":"https:\/\/wildlifeexperiencespain.com\/es\/wp-json\/wp\/v2\/users\/1"}],"replies":[{"embeddable":true,"href":"https:\/\/wildlifeexperiencespain.com\/es\/wp-json\/wp\/v2\/comments?post=12542"}],"version-history":[{"count":4,"href":"https:\/\/wildlifeexperiencespain.com\/es\/wp-json\/wp\/v2\/pages\/12542\/revisions"}],"predecessor-version":[{"id":12848,"href":"https:\/\/wildlifeexperiencespain.com\/es\/wp-json\/wp\/v2\/pages\/12542\/revisions\/12848"}],"wp:featuredmedia":[{"embeddable":true,"href":"https:\/\/wildlifeexperiencespain.com\/es\/wp-json\/wp\/v2\/media\/12055"}],"wp:attachment":[{"href":"https:\/\/wildlifeexperiencespain.com\/es\/wp-json\/wp\/v2\/media?parent=12542"}],"curies":[{"name":"wp","href":"https:\/\/api.w.org\/{rel}","templated":true}]}}